{"id":596,"date":"2021-11-10T17:31:52","date_gmt":"2021-11-10T17:31:52","guid":{"rendered":"https:\/\/massimoforte.psales.pt\/tienda\/"},"modified":"2021-11-10T17:31:52","modified_gmt":"2021-11-10T17:31:52","slug":"tienda","status":"publish","type":"page","link":"https:\/\/massimoforte.com\/es\/tienda\/","title":{"rendered":"Tienda"},"content":{"rendered":"","protected":false},"excerpt":{"rendered":"","protected":false},"author":1,"featured_media":737,"parent":0,"menu_order":0,"comment_status":"closed","ping_status":"closed","template":"","meta":{"footnotes":""},"page_category":[],"class_list":["post-596","page","type-page","status-publish","has-post-thumbnail","hentry"],"yoast_head":"<!-- This site is optimized with the Yoast SEO plugin v19.9 - https:\/\/yoast.com\/wordpress\/plugins\/seo\/ -->\n<title>Tienda - Massimo Forte<\/title>\n<meta name=\"robots\" content=\"index, follow, max-snippet:-1, max-image-preview:large, max-video-preview:-1\" \/>\n<link rel=\"canonical\" href=\"https:\/\/massimoforte.com\/es\/tienda\/\" \/>\n<meta property=\"og:locale\" content=\"es_ES\" \/>\n<meta property=\"og:type\" content=\"article\" \/>\n<meta property=\"og:title\" content=\"Tienda - Massimo Forte\" \/>\n<meta property=\"og:url\" content=\"https:\/\/massimoforte.com\/es\/tienda\/\" \/>\n<meta property=\"og:site_name\" content=\"Massimo Forte\" \/>\n<meta property=\"article:publisher\" content=\"https:\/\/www.facebook.com\/massimo.forte.94\/\" \/>\n<meta property=\"og:image\" content=\"https:\/\/massimoforte.com\/wp-content\/uploads\/2021\/11\/Foto-de-Topo_Loja.jpg\" \/>\n\t<meta property=\"og:image:width\" content=\"1514\" \/>\n\t<meta property=\"og:image:height\" content=\"350\" \/>\n\t<meta property=\"og:image:type\" content=\"image\/jpeg\" \/>\n<meta name=\"twitter:card\" content=\"summary_large_image\" \/>\n<meta name=\"twitter:site\" content=\"@massimoforte7\" \/>\n<script type=\"application\/ld+json\" class=\"yoast-schema-graph\">{\"@context\":\"https:\/\/schema.org\",\"@graph\":[{\"@type\":\"WebPage\",\"@id\":\"https:\/\/massimoforte.com\/es\/tienda\/\",\"url\":\"https:\/\/massimoforte.com\/es\/tienda\/\",\"name\":\"Tienda - Massimo Forte\",\"isPartOf\":{\"@id\":\"https:\/\/massimoforte.com\/#website\"},\"datePublished\":\"2021-11-10T17:31:52+00:00\",\"dateModified\":\"2021-11-10T17:31:52+00:00\",\"breadcrumb\":{\"@id\":\"https:\/\/massimoforte.com\/es\/tienda\/#breadcrumb\"},\"inLanguage\":\"es\",\"potentialAction\":[{\"@type\":\"ReadAction\",\"target\":[\"https:\/\/massimoforte.com\/es\/tienda\/\"]}]},{\"@type\":\"BreadcrumbList\",\"@id\":\"https:\/\/massimoforte.com\/es\/tienda\/#breadcrumb\",\"itemListElement\":[{\"@type\":\"ListItem\",\"position\":1,\"name\":\"In\u00edcio\",\"item\":\"https:\/\/massimoforte.com\/\"},{\"@type\":\"ListItem\",\"position\":2,\"name\":\"Tienda\"}]},{\"@type\":\"WebSite\",\"@id\":\"https:\/\/massimoforte.com\/#website\",\"url\":\"https:\/\/massimoforte.com\/\",\"name\":\"Massimo Forte\",\"description\":\"Massimo Forte \u00e9 seguido por milhares de profissionais do imobili\u00e1rio e reconhecido como uma marca apaixonada por influenciar pessoas a potenciar os seus neg\u00f3cios de Media\u00e7\u00e3o Imobili\u00e1ria.\",\"potentialAction\":[{\"@type\":\"SearchAction\",\"target\":{\"@type\":\"EntryPoint\",\"urlTemplate\":\"https:\/\/massimoforte.com\/?s={search_term_string}\"},\"query-input\":\"required name=search_term_string\"}],\"inLanguage\":\"es\"}]}<\/script>\n<!-- \/ Yoast SEO plugin. -->","yoast_head_json":{"title":"Tienda - Massimo Forte","robots":{"index":"index","follow":"follow","max-snippet":"max-snippet:-1","max-image-preview":"max-image-preview:large","max-video-preview":"max-video-preview:-1"},"canonical":"https:\/\/massimoforte.com\/es\/tienda\/","og_locale":"es_ES","og_type":"article","og_title":"Tienda - Massimo Forte","og_url":"https:\/\/massimoforte.com\/es\/tienda\/","og_site_name":"Massimo Forte","article_publisher":"https:\/\/www.facebook.com\/massimo.forte.94\/","og_image":[{"width":1514,"height":350,"url":"https:\/\/massimoforte.com\/wp-content\/uploads\/2021\/11\/Foto-de-Topo_Loja.jpg","type":"image\/jpeg"}],"twitter_card":"summary_large_image","twitter_site":"@massimoforte7","schema":{"@context":"https:\/\/schema.org","@graph":[{"@type":"WebPage","@id":"https:\/\/massimoforte.com\/es\/tienda\/","url":"https:\/\/massimoforte.com\/es\/tienda\/","name":"Tienda - Massimo Forte","isPartOf":{"@id":"https:\/\/massimoforte.com\/#website"},"datePublished":"2021-11-10T17:31:52+00:00","dateModified":"2021-11-10T17:31:52+00:00","breadcrumb":{"@id":"https:\/\/massimoforte.com\/es\/tienda\/#breadcrumb"},"inLanguage":"es","potentialAction":[{"@type":"ReadAction","target":["https:\/\/massimoforte.com\/es\/tienda\/"]}]},{"@type":"BreadcrumbList","@id":"https:\/\/massimoforte.com\/es\/tienda\/#breadcrumb","itemListElement":[{"@type":"ListItem","position":1,"name":"In\u00edcio","item":"https:\/\/massimoforte.com\/"},{"@type":"ListItem","position":2,"name":"Tienda"}]},{"@type":"WebSite","@id":"https:\/\/massimoforte.com\/#website","url":"https:\/\/massimoforte.com\/","name":"Massimo Forte","description":"Massimo Forte \u00e9 seguido por milhares de profissionais do imobili\u00e1rio e reconhecido como uma marca apaixonada por influenciar pessoas a potenciar os seus neg\u00f3cios de Media\u00e7\u00e3o Imobili\u00e1ria.","potentialAction":[{"@type":"SearchAction","target":{"@type":"EntryPoint","urlTemplate":"https:\/\/massimoforte.com\/?s={search_term_string}"},"query-input":"required name=search_term_string"}],"inLanguage":"es"}]}},"_links":{"self":[{"href":"https:\/\/massimoforte.com\/es\/wp-json\/wp\/v2\/pages\/596","targetHints":{"allow":["GET"]}}],"collection":[{"href":"https:\/\/massimoforte.com\/es\/wp-json\/wp\/v2\/pages"}],"about":[{"href":"https:\/\/massimoforte.com\/es\/wp-json\/wp\/v2\/types\/page"}],"author":[{"embeddable":true,"href":"https:\/\/massimoforte.com\/es\/wp-json\/wp\/v2\/users\/1"}],"replies":[{"embeddable":true,"href":"https:\/\/massimoforte.com\/es\/wp-json\/wp\/v2\/comments?post=596"}],"version-history":[{"count":0,"href":"https:\/\/massimoforte.com\/es\/wp-json\/wp\/v2\/pages\/596\/revisions"}],"wp:featuredmedia":[{"embeddable":true,"href":"https:\/\/massimoforte.com\/es\/wp-json\/wp\/v2\/media\/737"}],"wp:attachment":[{"href":"https:\/\/massimoforte.com\/es\/wp-json\/wp\/v2\/media?parent=596"}],"wp:term":[{"taxonomy":"page_category","embeddable":true,"href":"https:\/\/massimoforte.com\/es\/wp-json\/wp\/v2\/page_category?post=596"}],"curies":[{"name":"wp","href":"https:\/\/api.w.org\/{rel}","templated":true}]}}