{"id":211,"date":"2021-10-25T14:52:20","date_gmt":"2021-10-25T14:52:20","guid":{"rendered":"http:\/\/massimo-forte.test\/?post_type=product&#038;p=211"},"modified":"2025-12-04T10:05:03","modified_gmt":"2025-12-04T10:05:03","slug":"livro-atraer-para-vender","status":"publish","type":"product","link":"https:\/\/massimoforte.com\/es\/produto\/livro-atraer-para-vender\/","title":{"rendered":"Atraer para Vender"},"content":{"rendered":"<p>Massimo Forte, reconocido profesional en el mercado de la Intermediaci\u00f3n Inmobiliaria, tiene el gusto de presentar en espa\u00f1ol su libro \u201cATRAER PARA VENDER \u2013 Todo sobre la Intermediaci\u00f3n Inmobiliaria, un negocio de personas para personas\u201d, tras 5 ediciones agotadas de su versi\u00f3n portuguesa.<\/p>\n<p>Con esta obra, el autor desea transmitir los conocimientos y experiencias adquiridos a lo largo de sus m\u00e1s de 20 a\u00f1os de actividad en el mundo de la Intermediaci\u00f3n Inmobiliaria. A trav\u00e9s de un estilo simple y directo, sus p\u00e1ginas ofrecen contenidos interesantes y consejos valiosos para aquellos profesionales del sector que deseen mejorar su desempe\u00f1o.<\/p>\n<p>Ha sido considerado por varios expertos en el \u00e1rea como un manual de referencia, ya que cubre diversos temas transversales al desarrollo del negocio (tales como el marketing personal, la \u00e9tica en el trabajo, la utilizaci\u00f3n de nuevas tecnolog\u00edas, entre otros), que ser\u00e1n de gran utilidad tanto para quien ya posee experiencia en el sector como para quien desee iniciarse en esta fascinante actividad.<\/p>\n","protected":false},"excerpt":{"rendered":"<p><b>Un manual de referencia para leer todo sobre la Intermediaci\u00f3n Inmobiliaria, un negocio de personas para personas! <\/b><\/p>\n","protected":false},"featured_media":464,"comment_status":"open","ping_status":"closed","template":"","meta":[],"product_cat":[23],"product_tag":[119],"class_list":{"0":"post-211","1":"product","2":"type-product","3":"status-publish","4":"has-post-thumbnail","6":"product_cat-livros","7":"product_tag-espanhol","8":"product_shipping_class-sem-portes","10":"first","11":"instock","12":"taxable","13":"shipping-taxable","14":"purchasable","15":"product-type-simple"},"yoast_head":"<!-- This site is optimized with the Yoast SEO plugin v19.9 - https:\/\/yoast.com\/wordpress\/plugins\/seo\/ -->\n<title>Atraer para Vender - Massimo Forte<\/title>\n<meta name=\"robots\" content=\"index, follow, max-snippet:-1, max-image-preview:large, max-video-preview:-1\" \/>\n<link rel=\"canonical\" href=\"https:\/\/massimoforte.com\/produto\/livro-atraer-para-vender\/\" \/>\n<meta property=\"og:locale\" content=\"es_ES\" \/>\n<meta property=\"og:type\" content=\"article\" \/>\n<meta property=\"og:title\" content=\"Atraer para Vender - Massimo Forte\" \/>\n<meta property=\"og:description\" content=\"Un manual de referencia para leer todo sobre la Intermediaci\u00f3n Inmobiliaria, un negocio de personas para personas!\" \/>\n<meta property=\"og:url\" content=\"https:\/\/massimoforte.com\/produto\/livro-atraer-para-vender\/\" \/>\n<meta property=\"og:site_name\" content=\"Massimo Forte\" \/>\n<meta property=\"article:publisher\" content=\"https:\/\/www.facebook.com\/massimo.forte.94\/\" \/>\n<meta property=\"article:modified_time\" content=\"2025-12-04T10:05:03+00:00\" \/>\n<meta property=\"og:image\" content=\"https:\/\/massimoforte.com\/wp-content\/uploads\/2021\/10\/Produtos-Pagina-Home_Livro-APV-Espanol_AF-1.png\" \/>\n\t<meta property=\"og:image:width\" content=\"300\" \/>\n\t<meta property=\"og:image:height\" content=\"300\" \/>\n\t<meta property=\"og:image:type\" content=\"image\/png\" \/>\n<meta name=\"twitter:card\" content=\"summary_large_image\" \/>\n<meta name=\"twitter:site\" content=\"@massimoforte7\" \/>\n<meta name=\"twitter:label1\" content=\"Tiempo de lectura\" \/>\n\t<meta name=\"twitter:data1\" content=\"1 minuto\" \/>\n<script type=\"application\/ld+json\" class=\"yoast-schema-graph\">{\"@context\":\"https:\/\/schema.org\",\"@graph\":[{\"@type\":\"WebPage\",\"@id\":\"https:\/\/massimoforte.com\/produto\/livro-atraer-para-vender\/\",\"url\":\"https:\/\/massimoforte.com\/produto\/livro-atraer-para-vender\/\",\"name\":\"Atraer para Vender - Massimo Forte\",\"isPartOf\":{\"@id\":\"https:\/\/massimoforte.com\/#website\"},\"datePublished\":\"2021-10-25T14:52:20+00:00\",\"dateModified\":\"2025-12-04T10:05:03+00:00\",\"breadcrumb\":{\"@id\":\"https:\/\/massimoforte.com\/produto\/livro-atraer-para-vender\/#breadcrumb\"},\"inLanguage\":\"es\",\"potentialAction\":[{\"@type\":\"ReadAction\",\"target\":[\"https:\/\/massimoforte.com\/produto\/livro-atraer-para-vender\/\"]}]},{\"@type\":\"BreadcrumbList\",\"@id\":\"https:\/\/massimoforte.com\/produto\/livro-atraer-para-vender\/#breadcrumb\",\"itemListElement\":[{\"@type\":\"ListItem\",\"position\":1,\"name\":\"In\u00edcio\",\"item\":\"https:\/\/massimoforte.com\/\"},{\"@type\":\"ListItem\",\"position\":2,\"name\":\"Loja\",\"item\":\"https:\/\/massimoforte.com\/loja\/\"},{\"@type\":\"ListItem\",\"position\":3,\"name\":\"Atraer para Vender\"}]},{\"@type\":\"WebSite\",\"@id\":\"https:\/\/massimoforte.com\/#website\",\"url\":\"https:\/\/massimoforte.com\/\",\"name\":\"Massimo Forte\",\"description\":\"Massimo Forte \u00e9 seguido por milhares de profissionais do imobili\u00e1rio e reconhecido como uma marca apaixonada por influenciar pessoas a potenciar os seus neg\u00f3cios de Media\u00e7\u00e3o Imobili\u00e1ria.\",\"potentialAction\":[{\"@type\":\"SearchAction\",\"target\":{\"@type\":\"EntryPoint\",\"urlTemplate\":\"https:\/\/massimoforte.com\/?s={search_term_string}\"},\"query-input\":\"required name=search_term_string\"}],\"inLanguage\":\"es\"}]}<\/script>\n<!-- \/ Yoast SEO plugin. -->","yoast_head_json":{"title":"Atraer para Vender - Massimo Forte","robots":{"index":"index","follow":"follow","max-snippet":"max-snippet:-1","max-image-preview":"max-image-preview:large","max-video-preview":"max-video-preview:-1"},"canonical":"https:\/\/massimoforte.com\/produto\/livro-atraer-para-vender\/","og_locale":"es_ES","og_type":"article","og_title":"Atraer para Vender - Massimo Forte","og_description":"Un manual de referencia para leer todo sobre la Intermediaci\u00f3n Inmobiliaria, un negocio de personas para personas!","og_url":"https:\/\/massimoforte.com\/produto\/livro-atraer-para-vender\/","og_site_name":"Massimo Forte","article_publisher":"https:\/\/www.facebook.com\/massimo.forte.94\/","article_modified_time":"2025-12-04T10:05:03+00:00","og_image":[{"width":300,"height":300,"url":"https:\/\/massimoforte.com\/wp-content\/uploads\/2021\/10\/Produtos-Pagina-Home_Livro-APV-Espanol_AF-1.png","type":"image\/png"}],"twitter_card":"summary_large_image","twitter_site":"@massimoforte7","twitter_misc":{"Tiempo de lectura":"1 minuto"},"schema":{"@context":"https:\/\/schema.org","@graph":[{"@type":"WebPage","@id":"https:\/\/massimoforte.com\/produto\/livro-atraer-para-vender\/","url":"https:\/\/massimoforte.com\/produto\/livro-atraer-para-vender\/","name":"Atraer para Vender - Massimo Forte","isPartOf":{"@id":"https:\/\/massimoforte.com\/#website"},"datePublished":"2021-10-25T14:52:20+00:00","dateModified":"2025-12-04T10:05:03+00:00","breadcrumb":{"@id":"https:\/\/massimoforte.com\/produto\/livro-atraer-para-vender\/#breadcrumb"},"inLanguage":"es","potentialAction":[{"@type":"ReadAction","target":["https:\/\/massimoforte.com\/produto\/livro-atraer-para-vender\/"]}]},{"@type":"BreadcrumbList","@id":"https:\/\/massimoforte.com\/produto\/livro-atraer-para-vender\/#breadcrumb","itemListElement":[{"@type":"ListItem","position":1,"name":"In\u00edcio","item":"https:\/\/massimoforte.com\/"},{"@type":"ListItem","position":2,"name":"Loja","item":"https:\/\/massimoforte.com\/loja\/"},{"@type":"ListItem","position":3,"name":"Atraer para Vender"}]},{"@type":"WebSite","@id":"https:\/\/massimoforte.com\/#website","url":"https:\/\/massimoforte.com\/","name":"Massimo Forte","description":"Massimo Forte \u00e9 seguido por milhares de profissionais do imobili\u00e1rio e reconhecido como uma marca apaixonada por influenciar pessoas a potenciar os seus neg\u00f3cios de Media\u00e7\u00e3o Imobili\u00e1ria.","potentialAction":[{"@type":"SearchAction","target":{"@type":"EntryPoint","urlTemplate":"https:\/\/massimoforte.com\/?s={search_term_string}"},"query-input":"required name=search_term_string"}],"inLanguage":"es"}]}},"_links":{"self":[{"href":"https:\/\/massimoforte.com\/es\/wp-json\/wp\/v2\/product\/211","targetHints":{"allow":["GET"]}}],"collection":[{"href":"https:\/\/massimoforte.com\/es\/wp-json\/wp\/v2\/product"}],"about":[{"href":"https:\/\/massimoforte.com\/es\/wp-json\/wp\/v2\/types\/product"}],"replies":[{"embeddable":true,"href":"https:\/\/massimoforte.com\/es\/wp-json\/wp\/v2\/comments?post=211"}],"wp:featuredmedia":[{"embeddable":true,"href":"https:\/\/massimoforte.com\/es\/wp-json\/wp\/v2\/media\/464"}],"wp:attachment":[{"href":"https:\/\/massimoforte.com\/es\/wp-json\/wp\/v2\/media?parent=211"}],"wp:term":[{"taxonomy":"product_cat","embeddable":true,"href":"https:\/\/massimoforte.com\/es\/wp-json\/wp\/v2\/product_cat?post=211"},{"taxonomy":"product_tag","embeddable":true,"href":"https:\/\/massimoforte.com\/es\/wp-json\/wp\/v2\/product_tag?post=211"}],"curies":[{"name":"wp","href":"https:\/\/api.w.org\/{rel}","templated":true}]}}