{"id":703,"date":"2021-11-11T17:07:33","date_gmt":"2021-11-11T17:07:33","guid":{"rendered":"https:\/\/massimoforte.psales.pt\/?post_type=product&#038;p=703"},"modified":"2022-01-12T12:05:34","modified_gmt":"2022-01-12T12:05:34","slug":"masterclass-exclusivo","status":"publish","type":"product","link":"https:\/\/massimoforte.com\/es\/produto\/masterclass-exclusivo\/","title":{"rendered":"O Exclusivo"},"content":{"rendered":"<h2><strong>MASTERCLASS #8, TUDO SOBRE O EXCLUSIVO<\/strong><\/h2>\n<p>Massimo Forte fala sobre conceitos b\u00e1sicos sobre as vantagens do servi\u00e7o em EXCLUSIVO. Em v\u00eddeos de menos de 30 minutos, o essencial sobre Media\u00e7\u00e3o Imobili\u00e1ria, ao seu ritmo, a qualquer hora, em qualquer lugar e em qualquer dispositivo.<\/p>\n<p><strong>VAI FICAR A SABER:<\/strong><\/p>\n<ul class=\"cross\">\n<li>As pessoas procuram personaliza\u00e7\u00e3o, especializa\u00e7\u00e3o e exclusividade<\/li>\n<li>Que o exclusivo transforma a concorr\u00eancia em parceiros<\/li>\n<li>As vantagens para o vendedor, comprador e agente imobili\u00e1rio<\/li>\n<li>Que pode fazer uma filtragem mais eficaz de clientes para poupar tempo e gerir expetativas<\/li>\n<li>Que pode garantir ao comprador clareza de dados e assertividade na negocia\u00e7\u00e3o<\/li>\n<li>Que pode gerir o seu neg\u00f3cio com melhor proje\u00e7\u00e3o de resultados<\/li>\n<li>Que pode motivar-se para se transformar num melhor profissional<\/li>\n<\/ul>\n<p><strong>A QUEM SE DESTINA<\/strong><\/p>\n<ul class=\"cross\">\n<li>Mediadores, consultores, agentes, comerciais e outros profissionais do setor imobili\u00e1rio<\/li>\n<li>Para quem pretende iniciar ou j\u00e1 exerce a sua atividade no sector imobili\u00e1rio<\/li>\n<li>Para quem procura elevar a sua performance<\/li>\n<\/ul>\n","protected":false},"excerpt":{"rendered":"<p><b>Conceitos b\u00e1sicos em v\u00eddeos de menos de 30 minutos na REAL, a plataforma de forma\u00e7\u00e3o para o imobili\u00e1rio, a qualquer hora, em qualquer lugar, em qualquer dispositivo<\/b><\/p>\n","protected":false},"featured_media":17008,"comment_status":"open","ping_status":"closed","template":"","meta":[],"product_cat":[20],"product_tag":[114],"class_list":{"0":"post-703","1":"product","2":"type-product","3":"status-publish","4":"has-post-thumbnail","6":"product_cat-cursos-online-real","7":"product_tag-masterclass","9":"first","10":"instock","11":"virtual","12":"taxable","13":"purchasable","14":"product-type-simple"},"yoast_head":"<!-- This site is optimized with the Yoast SEO plugin v19.9 - https:\/\/yoast.com\/wordpress\/plugins\/seo\/ -->\n<title>O Exclusivo - Massimo Forte<\/title>\n<meta name=\"robots\" content=\"index, follow, max-snippet:-1, max-image-preview:large, max-video-preview:-1\" \/>\n<link rel=\"canonical\" href=\"https:\/\/massimoforte.com\/produto\/masterclass-exclusivo\/\" \/>\n<meta property=\"og:locale\" content=\"es_ES\" \/>\n<meta property=\"og:type\" content=\"article\" \/>\n<meta property=\"og:title\" content=\"O Exclusivo - Massimo Forte\" \/>\n<meta property=\"og:description\" content=\"Conceitos b\u00e1sicos em v\u00eddeos de menos de 30 minutos na REAL, a plataforma de forma\u00e7\u00e3o para o imobili\u00e1rio, a qualquer hora, em qualquer lugar, em qualquer dispositivo\" \/>\n<meta property=\"og:url\" content=\"https:\/\/massimoforte.com\/produto\/masterclass-exclusivo\/\" \/>\n<meta property=\"og:site_name\" content=\"Massimo Forte\" \/>\n<meta property=\"article:publisher\" content=\"https:\/\/www.facebook.com\/massimo.forte.94\/\" \/>\n<meta property=\"article:modified_time\" content=\"2022-01-12T12:05:34+00:00\" \/>\n<meta property=\"og:image\" content=\"https:\/\/massimoforte.com\/wp-content\/uploads\/2021\/11\/Produtos-Loja_-Pagina-Home_MASTERCLASS-08.png\" \/>\n\t<meta property=\"og:image:width\" content=\"300\" \/>\n\t<meta property=\"og:image:height\" content=\"300\" \/>\n\t<meta property=\"og:image:type\" content=\"image\/png\" \/>\n<meta name=\"twitter:card\" content=\"summary_large_image\" \/>\n<meta name=\"twitter:site\" content=\"@massimoforte7\" \/>\n<meta name=\"twitter:label1\" content=\"Tiempo de lectura\" \/>\n\t<meta name=\"twitter:data1\" content=\"1 minuto\" \/>\n<script type=\"application\/ld+json\" class=\"yoast-schema-graph\">{\"@context\":\"https:\/\/schema.org\",\"@graph\":[{\"@type\":\"WebPage\",\"@id\":\"https:\/\/massimoforte.com\/produto\/masterclass-exclusivo\/\",\"url\":\"https:\/\/massimoforte.com\/produto\/masterclass-exclusivo\/\",\"name\":\"O Exclusivo - Massimo Forte\",\"isPartOf\":{\"@id\":\"https:\/\/massimoforte.com\/#website\"},\"datePublished\":\"2021-11-11T17:07:33+00:00\",\"dateModified\":\"2022-01-12T12:05:34+00:00\",\"breadcrumb\":{\"@id\":\"https:\/\/massimoforte.com\/produto\/masterclass-exclusivo\/#breadcrumb\"},\"inLanguage\":\"es\",\"potentialAction\":[{\"@type\":\"ReadAction\",\"target\":[\"https:\/\/massimoforte.com\/produto\/masterclass-exclusivo\/\"]}]},{\"@type\":\"BreadcrumbList\",\"@id\":\"https:\/\/massimoforte.com\/produto\/masterclass-exclusivo\/#breadcrumb\",\"itemListElement\":[{\"@type\":\"ListItem\",\"position\":1,\"name\":\"In\u00edcio\",\"item\":\"https:\/\/massimoforte.com\/\"},{\"@type\":\"ListItem\",\"position\":2,\"name\":\"Loja\",\"item\":\"https:\/\/massimoforte.com\/loja\/\"},{\"@type\":\"ListItem\",\"position\":3,\"name\":\"O Exclusivo\"}]},{\"@type\":\"WebSite\",\"@id\":\"https:\/\/massimoforte.com\/#website\",\"url\":\"https:\/\/massimoforte.com\/\",\"name\":\"Massimo Forte\",\"description\":\"Massimo Forte \u00e9 seguido por milhares de profissionais do imobili\u00e1rio e reconhecido como uma marca apaixonada por influenciar pessoas a potenciar os seus neg\u00f3cios de Media\u00e7\u00e3o Imobili\u00e1ria.\",\"potentialAction\":[{\"@type\":\"SearchAction\",\"target\":{\"@type\":\"EntryPoint\",\"urlTemplate\":\"https:\/\/massimoforte.com\/?s={search_term_string}\"},\"query-input\":\"required name=search_term_string\"}],\"inLanguage\":\"es\"}]}<\/script>\n<!-- \/ Yoast SEO plugin. -->","yoast_head_json":{"title":"O Exclusivo - Massimo Forte","robots":{"index":"index","follow":"follow","max-snippet":"max-snippet:-1","max-image-preview":"max-image-preview:large","max-video-preview":"max-video-preview:-1"},"canonical":"https:\/\/massimoforte.com\/produto\/masterclass-exclusivo\/","og_locale":"es_ES","og_type":"article","og_title":"O Exclusivo - Massimo Forte","og_description":"Conceitos b\u00e1sicos em v\u00eddeos de menos de 30 minutos na REAL, a plataforma de forma\u00e7\u00e3o para o imobili\u00e1rio, a qualquer hora, em qualquer lugar, em qualquer dispositivo","og_url":"https:\/\/massimoforte.com\/produto\/masterclass-exclusivo\/","og_site_name":"Massimo Forte","article_publisher":"https:\/\/www.facebook.com\/massimo.forte.94\/","article_modified_time":"2022-01-12T12:05:34+00:00","og_image":[{"width":300,"height":300,"url":"https:\/\/massimoforte.com\/wp-content\/uploads\/2021\/11\/Produtos-Loja_-Pagina-Home_MASTERCLASS-08.png","type":"image\/png"}],"twitter_card":"summary_large_image","twitter_site":"@massimoforte7","twitter_misc":{"Tiempo de lectura":"1 minuto"},"schema":{"@context":"https:\/\/schema.org","@graph":[{"@type":"WebPage","@id":"https:\/\/massimoforte.com\/produto\/masterclass-exclusivo\/","url":"https:\/\/massimoforte.com\/produto\/masterclass-exclusivo\/","name":"O Exclusivo - Massimo Forte","isPartOf":{"@id":"https:\/\/massimoforte.com\/#website"},"datePublished":"2021-11-11T17:07:33+00:00","dateModified":"2022-01-12T12:05:34+00:00","breadcrumb":{"@id":"https:\/\/massimoforte.com\/produto\/masterclass-exclusivo\/#breadcrumb"},"inLanguage":"es","potentialAction":[{"@type":"ReadAction","target":["https:\/\/massimoforte.com\/produto\/masterclass-exclusivo\/"]}]},{"@type":"BreadcrumbList","@id":"https:\/\/massimoforte.com\/produto\/masterclass-exclusivo\/#breadcrumb","itemListElement":[{"@type":"ListItem","position":1,"name":"In\u00edcio","item":"https:\/\/massimoforte.com\/"},{"@type":"ListItem","position":2,"name":"Loja","item":"https:\/\/massimoforte.com\/loja\/"},{"@type":"ListItem","position":3,"name":"O Exclusivo"}]},{"@type":"WebSite","@id":"https:\/\/massimoforte.com\/#website","url":"https:\/\/massimoforte.com\/","name":"Massimo Forte","description":"Massimo Forte \u00e9 seguido por milhares de profissionais do imobili\u00e1rio e reconhecido como uma marca apaixonada por influenciar pessoas a potenciar os seus neg\u00f3cios de Media\u00e7\u00e3o Imobili\u00e1ria.","potentialAction":[{"@type":"SearchAction","target":{"@type":"EntryPoint","urlTemplate":"https:\/\/massimoforte.com\/?s={search_term_string}"},"query-input":"required name=search_term_string"}],"inLanguage":"es"}]}},"_links":{"self":[{"href":"https:\/\/massimoforte.com\/es\/wp-json\/wp\/v2\/product\/703","targetHints":{"allow":["GET"]}}],"collection":[{"href":"https:\/\/massimoforte.com\/es\/wp-json\/wp\/v2\/product"}],"about":[{"href":"https:\/\/massimoforte.com\/es\/wp-json\/wp\/v2\/types\/product"}],"replies":[{"embeddable":true,"href":"https:\/\/massimoforte.com\/es\/wp-json\/wp\/v2\/comments?post=703"}],"wp:featuredmedia":[{"embeddable":true,"href":"https:\/\/massimoforte.com\/es\/wp-json\/wp\/v2\/media\/17008"}],"wp:attachment":[{"href":"https:\/\/massimoforte.com\/es\/wp-json\/wp\/v2\/media?parent=703"}],"wp:term":[{"taxonomy":"product_cat","embeddable":true,"href":"https:\/\/massimoforte.com\/es\/wp-json\/wp\/v2\/product_cat?post=703"},{"taxonomy":"product_tag","embeddable":true,"href":"https:\/\/massimoforte.com\/es\/wp-json\/wp\/v2\/product_tag?post=703"}],"curies":[{"name":"wp","href":"https:\/\/api.w.org\/{rel}","templated":true}]}}