{"id":715,"date":"2021-11-11T17:12:36","date_gmt":"2021-11-11T17:12:36","guid":{"rendered":"https:\/\/massimoforte.psales.pt\/?post_type=product&#038;p=715"},"modified":"2022-01-26T18:24:39","modified_gmt":"2022-01-26T18:24:39","slug":"masterclass-boas-praticas","status":"publish","type":"product","link":"https:\/\/massimoforte.com\/es\/produto\/masterclass-boas-praticas\/","title":{"rendered":"Boas Pr\u00e1ticas"},"content":{"rendered":"<h2><strong>MASTERCLASS #9, TUDO SOBRE BOAS PR\u00c1TICAS<\/strong><\/h2>\n<p>Massimo Forte fala sobre conceitos b\u00e1sicos sobre as BOAS PR\u00c1TICAS de angaria\u00e7\u00e3o. Em v\u00eddeos de menos de 30 minutos, o essencial sobre Media\u00e7\u00e3o Imobili\u00e1ria, ao seu ritmo, a qualquer hora, em qualquer lugar e em qualquer dispositivo.<\/p>\n<p><strong>VAI FICAR A SABER:<\/strong><\/p>\n<ul class=\"cross\">\n<li>Motiva\u00e7\u00e3o, o primeiro fator chave de sucesso numa angaria\u00e7\u00e3o<\/li>\n<li>Valor de Mercado e Exclusividade, uma angaria\u00e7\u00e3o que oferece servi\u00e7o<\/li>\n<li>Comiss\u00e3o, abordar com clareza<\/li>\n<li>Prazo, explicar a legisla\u00e7\u00e3o com seriedade<\/li>\n<li>Placa, saber defender os benef\u00edcios para todos<\/li>\n<li>Especializa\u00e7\u00e3o, diferencie-se sem imitar<\/li>\n<li>Partilha, todos ganham<\/li>\n<li>Forma\u00e7\u00e3o, para quem quer passar de curioso a profissional<\/li>\n<li>Tecnologia, adotar o que necessita e pode usar agora para elevar o seu neg\u00f3cio<\/li>\n<\/ul>\n<p><strong>A QUEM SE DESTINA<\/strong><\/p>\n<ul class=\"cross\">\n<li>Mediadores, consultores, agentes, comerciais e outros profissionais do setor imobili\u00e1rio<\/li>\n<li>Para quem pretende iniciar ou j\u00e1 exerce a sua atividade no sector imobili\u00e1rio<\/li>\n<li>Para quem procura elevar a sua performance<\/li>\n<\/ul>\n","protected":false},"excerpt":{"rendered":"<p><b>Conceitos b\u00e1sicos em v\u00eddeos de menos de 30 minutos na REAL, a plataforma de forma\u00e7\u00e3o para o imobili\u00e1rio, a qualquer hora, em qualquer lugar, em qualquer dispositivo<\/b><\/p>\n","protected":false},"featured_media":17005,"comment_status":"open","ping_status":"closed","template":"","meta":[],"product_cat":[20],"product_tag":[114],"class_list":{"0":"post-715","1":"product","2":"type-product","3":"status-publish","4":"has-post-thumbnail","6":"product_cat-cursos-online-real","7":"product_tag-masterclass","9":"first","10":"instock","11":"virtual","12":"taxable","13":"purchasable","14":"product-type-simple"},"yoast_head":"<!-- This site is optimized with the Yoast SEO plugin v19.9 - https:\/\/yoast.com\/wordpress\/plugins\/seo\/ -->\n<title>Boas Pr\u00e1ticas - Massimo Forte<\/title>\n<meta name=\"robots\" content=\"index, follow, max-snippet:-1, max-image-preview:large, max-video-preview:-1\" \/>\n<link rel=\"canonical\" href=\"https:\/\/massimoforte.com\/produto\/masterclass-boas-praticas\/\" \/>\n<meta property=\"og:locale\" content=\"es_ES\" \/>\n<meta property=\"og:type\" content=\"article\" \/>\n<meta property=\"og:title\" content=\"Boas Pr\u00e1ticas - Massimo Forte\" \/>\n<meta property=\"og:description\" content=\"Conceitos b\u00e1sicos em v\u00eddeos de menos de 30 minutos na REAL, a plataforma de forma\u00e7\u00e3o para o imobili\u00e1rio, a qualquer hora, em qualquer lugar, em qualquer dispositivo\" \/>\n<meta property=\"og:url\" content=\"https:\/\/massimoforte.com\/produto\/masterclass-boas-praticas\/\" \/>\n<meta property=\"og:site_name\" content=\"Massimo Forte\" \/>\n<meta property=\"article:publisher\" content=\"https:\/\/www.facebook.com\/massimo.forte.94\/\" \/>\n<meta property=\"article:modified_time\" content=\"2022-01-26T18:24:39+00:00\" \/>\n<meta property=\"og:image\" content=\"https:\/\/massimoforte.com\/wp-content\/uploads\/2021\/11\/Produtos-Loja_-Pagina-Home_MASTERCLASS-09.png\" \/>\n\t<meta property=\"og:image:width\" content=\"300\" \/>\n\t<meta property=\"og:image:height\" content=\"300\" \/>\n\t<meta property=\"og:image:type\" content=\"image\/png\" \/>\n<meta name=\"twitter:card\" content=\"summary_large_image\" \/>\n<meta name=\"twitter:site\" content=\"@massimoforte7\" \/>\n<meta name=\"twitter:label1\" content=\"Tiempo de lectura\" \/>\n\t<meta name=\"twitter:data1\" content=\"1 minuto\" \/>\n<script type=\"application\/ld+json\" class=\"yoast-schema-graph\">{\"@context\":\"https:\/\/schema.org\",\"@graph\":[{\"@type\":\"WebPage\",\"@id\":\"https:\/\/massimoforte.com\/produto\/masterclass-boas-praticas\/\",\"url\":\"https:\/\/massimoforte.com\/produto\/masterclass-boas-praticas\/\",\"name\":\"Boas Pr\u00e1ticas - Massimo Forte\",\"isPartOf\":{\"@id\":\"https:\/\/massimoforte.com\/#website\"},\"datePublished\":\"2021-11-11T17:12:36+00:00\",\"dateModified\":\"2022-01-26T18:24:39+00:00\",\"breadcrumb\":{\"@id\":\"https:\/\/massimoforte.com\/produto\/masterclass-boas-praticas\/#breadcrumb\"},\"inLanguage\":\"es\",\"potentialAction\":[{\"@type\":\"ReadAction\",\"target\":[\"https:\/\/massimoforte.com\/produto\/masterclass-boas-praticas\/\"]}]},{\"@type\":\"BreadcrumbList\",\"@id\":\"https:\/\/massimoforte.com\/produto\/masterclass-boas-praticas\/#breadcrumb\",\"itemListElement\":[{\"@type\":\"ListItem\",\"position\":1,\"name\":\"In\u00edcio\",\"item\":\"https:\/\/massimoforte.com\/\"},{\"@type\":\"ListItem\",\"position\":2,\"name\":\"Loja\",\"item\":\"https:\/\/massimoforte.com\/loja\/\"},{\"@type\":\"ListItem\",\"position\":3,\"name\":\"Boas Pr\u00e1ticas\"}]},{\"@type\":\"WebSite\",\"@id\":\"https:\/\/massimoforte.com\/#website\",\"url\":\"https:\/\/massimoforte.com\/\",\"name\":\"Massimo Forte\",\"description\":\"Massimo Forte \u00e9 seguido por milhares de profissionais do imobili\u00e1rio e reconhecido como uma marca apaixonada por influenciar pessoas a potenciar os seus neg\u00f3cios de Media\u00e7\u00e3o Imobili\u00e1ria.\",\"potentialAction\":[{\"@type\":\"SearchAction\",\"target\":{\"@type\":\"EntryPoint\",\"urlTemplate\":\"https:\/\/massimoforte.com\/?s={search_term_string}\"},\"query-input\":\"required name=search_term_string\"}],\"inLanguage\":\"es\"}]}<\/script>\n<!-- \/ Yoast SEO plugin. -->","yoast_head_json":{"title":"Boas Pr\u00e1ticas - Massimo Forte","robots":{"index":"index","follow":"follow","max-snippet":"max-snippet:-1","max-image-preview":"max-image-preview:large","max-video-preview":"max-video-preview:-1"},"canonical":"https:\/\/massimoforte.com\/produto\/masterclass-boas-praticas\/","og_locale":"es_ES","og_type":"article","og_title":"Boas Pr\u00e1ticas - Massimo Forte","og_description":"Conceitos b\u00e1sicos em v\u00eddeos de menos de 30 minutos na REAL, a plataforma de forma\u00e7\u00e3o para o imobili\u00e1rio, a qualquer hora, em qualquer lugar, em qualquer dispositivo","og_url":"https:\/\/massimoforte.com\/produto\/masterclass-boas-praticas\/","og_site_name":"Massimo Forte","article_publisher":"https:\/\/www.facebook.com\/massimo.forte.94\/","article_modified_time":"2022-01-26T18:24:39+00:00","og_image":[{"width":300,"height":300,"url":"https:\/\/massimoforte.com\/wp-content\/uploads\/2021\/11\/Produtos-Loja_-Pagina-Home_MASTERCLASS-09.png","type":"image\/png"}],"twitter_card":"summary_large_image","twitter_site":"@massimoforte7","twitter_misc":{"Tiempo de lectura":"1 minuto"},"schema":{"@context":"https:\/\/schema.org","@graph":[{"@type":"WebPage","@id":"https:\/\/massimoforte.com\/produto\/masterclass-boas-praticas\/","url":"https:\/\/massimoforte.com\/produto\/masterclass-boas-praticas\/","name":"Boas Pr\u00e1ticas - Massimo Forte","isPartOf":{"@id":"https:\/\/massimoforte.com\/#website"},"datePublished":"2021-11-11T17:12:36+00:00","dateModified":"2022-01-26T18:24:39+00:00","breadcrumb":{"@id":"https:\/\/massimoforte.com\/produto\/masterclass-boas-praticas\/#breadcrumb"},"inLanguage":"es","potentialAction":[{"@type":"ReadAction","target":["https:\/\/massimoforte.com\/produto\/masterclass-boas-praticas\/"]}]},{"@type":"BreadcrumbList","@id":"https:\/\/massimoforte.com\/produto\/masterclass-boas-praticas\/#breadcrumb","itemListElement":[{"@type":"ListItem","position":1,"name":"In\u00edcio","item":"https:\/\/massimoforte.com\/"},{"@type":"ListItem","position":2,"name":"Loja","item":"https:\/\/massimoforte.com\/loja\/"},{"@type":"ListItem","position":3,"name":"Boas Pr\u00e1ticas"}]},{"@type":"WebSite","@id":"https:\/\/massimoforte.com\/#website","url":"https:\/\/massimoforte.com\/","name":"Massimo Forte","description":"Massimo Forte \u00e9 seguido por milhares de profissionais do imobili\u00e1rio e reconhecido como uma marca apaixonada por influenciar pessoas a potenciar os seus neg\u00f3cios de Media\u00e7\u00e3o Imobili\u00e1ria.","potentialAction":[{"@type":"SearchAction","target":{"@type":"EntryPoint","urlTemplate":"https:\/\/massimoforte.com\/?s={search_term_string}"},"query-input":"required name=search_term_string"}],"inLanguage":"es"}]}},"_links":{"self":[{"href":"https:\/\/massimoforte.com\/es\/wp-json\/wp\/v2\/product\/715","targetHints":{"allow":["GET"]}}],"collection":[{"href":"https:\/\/massimoforte.com\/es\/wp-json\/wp\/v2\/product"}],"about":[{"href":"https:\/\/massimoforte.com\/es\/wp-json\/wp\/v2\/types\/product"}],"replies":[{"embeddable":true,"href":"https:\/\/massimoforte.com\/es\/wp-json\/wp\/v2\/comments?post=715"}],"wp:featuredmedia":[{"embeddable":true,"href":"https:\/\/massimoforte.com\/es\/wp-json\/wp\/v2\/media\/17005"}],"wp:attachment":[{"href":"https:\/\/massimoforte.com\/es\/wp-json\/wp\/v2\/media?parent=715"}],"wp:term":[{"taxonomy":"product_cat","embeddable":true,"href":"https:\/\/massimoforte.com\/es\/wp-json\/wp\/v2\/product_cat?post=715"},{"taxonomy":"product_tag","embeddable":true,"href":"https:\/\/massimoforte.com\/es\/wp-json\/wp\/v2\/product_tag?post=715"}],"curies":[{"name":"wp","href":"https:\/\/api.w.org\/{rel}","templated":true}]}}