{"id":15619,"date":"2021-11-12T09:44:53","date_gmt":"2021-11-12T09:44:53","guid":{"rendered":"https:\/\/massimoforte.psales.pt\/?post_type=product&#038;p=15619"},"modified":"2022-01-18T15:48:57","modified_gmt":"2022-01-18T15:48:57","slug":"workshop-angariar-para-vender","status":"publish","type":"product","link":"https:\/\/massimoforte.com\/it\/produto\/workshop-angariar-para-vender\/","title":{"rendered":"O Workshop Angariar para Vender"},"content":{"rendered":"<h2><b>O WORKSHOP ANGARIAR PARA VENDER<\/b><\/h2>\n<p>Massimo Forte fala sobre conceitos avan\u00e7ados de angaria\u00e7\u00e3o. Num v\u00eddeo \u00fanico de 160 minutos, tudo sobre o Processo de Angariar para Vender para profissionais de Media\u00e7\u00e3o Imobili\u00e1ria que querem elevar o seu conhecimento e o seu neg\u00f3cio ao seu ritmo, a qualquer hora, em qualquer lugar e em qualquer dispositivo.<\/p>\n<p>&nbsp;<\/p>\n<p><b>VAI FICAR A SABER:<\/b><\/p>\n<ul class=\"cross\">\n<li>Trabalhar as etapas do processo de angaria\u00e7\u00e3o: prospe\u00e7\u00e3o; qualifica\u00e7\u00e3o; apresenta\u00e7\u00e3o de servi\u00e7os; negocia\u00e7\u00e3o e fecho<\/li>\n<li>Construir a sua proposta de valor: defini\u00e7\u00e3o de marca pessoal; plano de marketing; apresenta\u00e7\u00e3o de servi\u00e7os; reconhecer a documenta\u00e7\u00e3o que deve preparar para conquistar um potencial cliente<\/li>\n<li>Encontrar clientes vendedores: prospe\u00e7\u00e3o orientada por posicionamento; dados de mercado e objetivos<\/li>\n<li>Comunicar melhor para captar e manter clientes confiantes na sua proposta de valor<\/li>\n<li>Adaptar o seu discurso a cada potencial cliente e etapa do processo de angaria\u00e7\u00e3o<\/li>\n<li>Criar rapport, gerar empatia, gerir obje\u00e7\u00f5es e com isso, refor\u00e7ar a sua rela\u00e7\u00e3o com o cliente<\/li>\n<\/ul>\n<p>&nbsp;<\/p>\n<p><b>A QUEM SE DESTINA<\/b><\/p>\n<ul class=\"cross\">\n<li>Mediadores, consultores, agentes, comerciais e outros profissionais do setor imobili\u00e1rio<\/li>\n<li>Para quem pretende iniciar ou j\u00e1 exerce a sua atividade no sector imobili\u00e1rio<\/li>\n<li>Para quem procura elevar a sua performance<\/li>\n<\/ul>\n","protected":false},"excerpt":{"rendered":"<p><b>160 minutos de conhecimento, t\u00e9cnicas e sistemas para <\/b><b>si<\/b><b>\u00a0ou para a sua equipa na REAL, a plataforma de forma\u00e7\u00e3o para o imobili\u00e1rio, a qualquer hora, em qualquer lugar, em qualquer dispositivo<\/b><\/p>\n","protected":false},"featured_media":17002,"comment_status":"open","ping_status":"closed","template":"","meta":[],"product_cat":[20],"product_tag":[116],"class_list":{"0":"post-15619","1":"product","2":"type-product","3":"status-publish","4":"has-post-thumbnail","6":"product_cat-cursos-online-real","7":"product_tag-workshop","9":"first","10":"instock","11":"virtual","12":"taxable","13":"purchasable","14":"product-type-simple"},"yoast_head":"<!-- This site is optimized with the Yoast SEO plugin v19.9 - https:\/\/yoast.com\/wordpress\/plugins\/seo\/ -->\n<title>O Workshop Angariar para Vender - Massimo Forte<\/title>\n<meta name=\"robots\" content=\"index, follow, max-snippet:-1, max-image-preview:large, max-video-preview:-1\" \/>\n<link rel=\"canonical\" href=\"https:\/\/massimoforte.com\/produto\/workshop-angariar-para-vender\/\" \/>\n<meta property=\"og:locale\" content=\"it_IT\" \/>\n<meta property=\"og:type\" content=\"article\" \/>\n<meta property=\"og:title\" content=\"O Workshop Angariar para Vender - Massimo Forte\" \/>\n<meta property=\"og:description\" content=\"160 minutos de conhecimento, t\u00e9cnicas e sistemas para si\u00a0ou para a sua equipa na REAL, a plataforma de forma\u00e7\u00e3o para o imobili\u00e1rio, a qualquer hora, em qualquer lugar, em qualquer dispositivo\" \/>\n<meta property=\"og:url\" content=\"https:\/\/massimoforte.com\/produto\/workshop-angariar-para-vender\/\" \/>\n<meta property=\"og:site_name\" content=\"Massimo Forte\" \/>\n<meta property=\"article:publisher\" content=\"https:\/\/www.facebook.com\/massimo.forte.94\/\" \/>\n<meta property=\"article:modified_time\" content=\"2022-01-18T15:48:57+00:00\" \/>\n<meta property=\"og:image\" content=\"https:\/\/massimoforte.com\/wp-content\/uploads\/2021\/11\/Produtos-Loja_-Pagina-Home_Workshop.png\" \/>\n\t<meta property=\"og:image:width\" content=\"300\" \/>\n\t<meta property=\"og:image:height\" content=\"300\" \/>\n\t<meta property=\"og:image:type\" content=\"image\/png\" \/>\n<meta name=\"twitter:card\" content=\"summary_large_image\" \/>\n<meta name=\"twitter:site\" content=\"@massimoforte7\" \/>\n<meta name=\"twitter:label1\" content=\"Tempo di lettura stimato\" \/>\n\t<meta name=\"twitter:data1\" content=\"1 minuto\" \/>\n<script type=\"application\/ld+json\" class=\"yoast-schema-graph\">{\"@context\":\"https:\/\/schema.org\",\"@graph\":[{\"@type\":\"WebPage\",\"@id\":\"https:\/\/massimoforte.com\/produto\/workshop-angariar-para-vender\/\",\"url\":\"https:\/\/massimoforte.com\/produto\/workshop-angariar-para-vender\/\",\"name\":\"O Workshop Angariar para Vender - Massimo Forte\",\"isPartOf\":{\"@id\":\"https:\/\/massimoforte.com\/#website\"},\"datePublished\":\"2021-11-12T09:44:53+00:00\",\"dateModified\":\"2022-01-18T15:48:57+00:00\",\"breadcrumb\":{\"@id\":\"https:\/\/massimoforte.com\/produto\/workshop-angariar-para-vender\/#breadcrumb\"},\"inLanguage\":\"it-IT\",\"potentialAction\":[{\"@type\":\"ReadAction\",\"target\":[\"https:\/\/massimoforte.com\/produto\/workshop-angariar-para-vender\/\"]}]},{\"@type\":\"BreadcrumbList\",\"@id\":\"https:\/\/massimoforte.com\/produto\/workshop-angariar-para-vender\/#breadcrumb\",\"itemListElement\":[{\"@type\":\"ListItem\",\"position\":1,\"name\":\"In\u00edcio\",\"item\":\"https:\/\/massimoforte.com\/\"},{\"@type\":\"ListItem\",\"position\":2,\"name\":\"Loja\",\"item\":\"https:\/\/massimoforte.com\/loja\/\"},{\"@type\":\"ListItem\",\"position\":3,\"name\":\"O Workshop Angariar para Vender\"}]},{\"@type\":\"WebSite\",\"@id\":\"https:\/\/massimoforte.com\/#website\",\"url\":\"https:\/\/massimoforte.com\/\",\"name\":\"Massimo Forte\",\"description\":\"Massimo Forte \u00e9 seguido por milhares de profissionais do imobili\u00e1rio e reconhecido como uma marca apaixonada por influenciar pessoas a potenciar os seus neg\u00f3cios de Media\u00e7\u00e3o Imobili\u00e1ria.\",\"potentialAction\":[{\"@type\":\"SearchAction\",\"target\":{\"@type\":\"EntryPoint\",\"urlTemplate\":\"https:\/\/massimoforte.com\/?s={search_term_string}\"},\"query-input\":\"required name=search_term_string\"}],\"inLanguage\":\"it-IT\"}]}<\/script>\n<!-- \/ Yoast SEO plugin. -->","yoast_head_json":{"title":"O Workshop Angariar para Vender - Massimo Forte","robots":{"index":"index","follow":"follow","max-snippet":"max-snippet:-1","max-image-preview":"max-image-preview:large","max-video-preview":"max-video-preview:-1"},"canonical":"https:\/\/massimoforte.com\/produto\/workshop-angariar-para-vender\/","og_locale":"it_IT","og_type":"article","og_title":"O Workshop Angariar para Vender - Massimo Forte","og_description":"160 minutos de conhecimento, t\u00e9cnicas e sistemas para si\u00a0ou para a sua equipa na REAL, a plataforma de forma\u00e7\u00e3o para o imobili\u00e1rio, a qualquer hora, em qualquer lugar, em qualquer dispositivo","og_url":"https:\/\/massimoforte.com\/produto\/workshop-angariar-para-vender\/","og_site_name":"Massimo Forte","article_publisher":"https:\/\/www.facebook.com\/massimo.forte.94\/","article_modified_time":"2022-01-18T15:48:57+00:00","og_image":[{"width":300,"height":300,"url":"https:\/\/massimoforte.com\/wp-content\/uploads\/2021\/11\/Produtos-Loja_-Pagina-Home_Workshop.png","type":"image\/png"}],"twitter_card":"summary_large_image","twitter_site":"@massimoforte7","twitter_misc":{"Tempo di lettura stimato":"1 minuto"},"schema":{"@context":"https:\/\/schema.org","@graph":[{"@type":"WebPage","@id":"https:\/\/massimoforte.com\/produto\/workshop-angariar-para-vender\/","url":"https:\/\/massimoforte.com\/produto\/workshop-angariar-para-vender\/","name":"O Workshop Angariar para Vender - Massimo Forte","isPartOf":{"@id":"https:\/\/massimoforte.com\/#website"},"datePublished":"2021-11-12T09:44:53+00:00","dateModified":"2022-01-18T15:48:57+00:00","breadcrumb":{"@id":"https:\/\/massimoforte.com\/produto\/workshop-angariar-para-vender\/#breadcrumb"},"inLanguage":"it-IT","potentialAction":[{"@type":"ReadAction","target":["https:\/\/massimoforte.com\/produto\/workshop-angariar-para-vender\/"]}]},{"@type":"BreadcrumbList","@id":"https:\/\/massimoforte.com\/produto\/workshop-angariar-para-vender\/#breadcrumb","itemListElement":[{"@type":"ListItem","position":1,"name":"In\u00edcio","item":"https:\/\/massimoforte.com\/"},{"@type":"ListItem","position":2,"name":"Loja","item":"https:\/\/massimoforte.com\/loja\/"},{"@type":"ListItem","position":3,"name":"O Workshop Angariar para Vender"}]},{"@type":"WebSite","@id":"https:\/\/massimoforte.com\/#website","url":"https:\/\/massimoforte.com\/","name":"Massimo Forte","description":"Massimo Forte \u00e9 seguido por milhares de profissionais do imobili\u00e1rio e reconhecido como uma marca apaixonada por influenciar pessoas a potenciar os seus neg\u00f3cios de Media\u00e7\u00e3o Imobili\u00e1ria.","potentialAction":[{"@type":"SearchAction","target":{"@type":"EntryPoint","urlTemplate":"https:\/\/massimoforte.com\/?s={search_term_string}"},"query-input":"required name=search_term_string"}],"inLanguage":"it-IT"}]}},"_links":{"self":[{"href":"https:\/\/massimoforte.com\/it\/wp-json\/wp\/v2\/product\/15619","targetHints":{"allow":["GET"]}}],"collection":[{"href":"https:\/\/massimoforte.com\/it\/wp-json\/wp\/v2\/product"}],"about":[{"href":"https:\/\/massimoforte.com\/it\/wp-json\/wp\/v2\/types\/product"}],"replies":[{"embeddable":true,"href":"https:\/\/massimoforte.com\/it\/wp-json\/wp\/v2\/comments?post=15619"}],"wp:featuredmedia":[{"embeddable":true,"href":"https:\/\/massimoforte.com\/it\/wp-json\/wp\/v2\/media\/17002"}],"wp:attachment":[{"href":"https:\/\/massimoforte.com\/it\/wp-json\/wp\/v2\/media?parent=15619"}],"wp:term":[{"taxonomy":"product_cat","embeddable":true,"href":"https:\/\/massimoforte.com\/it\/wp-json\/wp\/v2\/product_cat?post=15619"},{"taxonomy":"product_tag","embeddable":true,"href":"https:\/\/massimoforte.com\/it\/wp-json\/wp\/v2\/product_tag?post=15619"}],"curies":[{"name":"wp","href":"https:\/\/api.w.org\/{rel}","templated":true}]}}