{"id":19836,"date":"2020-10-18T07:32:06","date_gmt":"2020-10-18T07:32:06","guid":{"rendered":"https:\/\/massimoforte.com\/?post_type=product&#038;p=19836"},"modified":"2025-12-04T10:09:36","modified_gmt":"2025-12-04T10:09:36","slug":"pack-top-producer","status":"publish","type":"product","link":"https:\/\/massimoforte.com\/it\/produto\/pack-top-producer\/","title":{"rendered":"PACK TOP PRODUCER"},"content":{"rendered":"<h2><strong>A QUEM SE DESTINA<\/strong><\/h2>\n<ul class=\"cross\">\n<li><span class=\"fontstyle0\">Mediadores, consultores, agentes, comerciais e outros profissionais do setor imobili\u00e1rio<\/span><\/li>\n<li><span class=\"fontstyle0\">A todas as pessoas que pretendem iniciar a sua atividade no sector imobili\u00e1rio<\/span><\/li>\n<\/ul>\n<p>&nbsp;<\/p>\n<p>Em v\u00eddeos de menos de 30 minutos, o essencial sobre Media\u00e7\u00e3o Imobili\u00e1ria, ao seu ritmo, a qualquer hora, em qualquer lugar e em qualquer dispositivo.<\/p>\n<h2><\/h2>\n<h2 class=\"single-product__main-title\"><strong>ANGARIAR PARA VENDER<\/strong><\/h2>\n<p>Com este curso vai compreender que uma angaria\u00e7\u00e3o de qualidade assenta num processo bem definido e estruturado, com etapas claras, sequenciais e articuladas entre si. Em 70 minutos, ao longo dos diferentes m\u00f3dulos e com recurso a exemplos pr\u00e1ticos, vou detalhar cada etapa com o objetivo de refor\u00e7ar o seu conhecimento sobre como angariar bem para fazer crescer o seu neg\u00f3cio. Quero que se sinta mais confiante e motivado para desenvolver a sua rela\u00e7\u00e3o com o cliente!<\/p>\n<p>&nbsp;<\/p>\n<h2 class=\"single-product__main-title\"><strong>TREINAR PARA ANGARIAR<\/strong><\/h2>\n<p>Com este curso vai ser guiado num processo de treino de t\u00e9cnicas de comunica\u00e7\u00e3o com gui\u00f5es especializados para cada etapa do processo de Angaria\u00e7\u00e3o.<\/p>\n<p>Vai conseguir adaptar cada gui\u00e3o, de forma natural, \u00e0 sua forma e estilo pessoal de comunica\u00e7\u00e3o para estar mais seguro e preparado para liderar o di\u00e1logo a ter com cada tipo de cliente, em qualquer situa\u00e7\u00e3o, em qualquer fase do processo de Angaria\u00e7\u00e3o<\/p>\n<p>Garanta a confian\u00e7a do seu potencial cliente e reforce as suas rela\u00e7\u00f5es aprendendo a treinar a sua assertividade e compromisso.<\/p>\n<p>Aprenda em poucos minutos e de forma simples a Treinar para Angariar, decida como vai potenciar as suas vendas!<\/p>\n<p>&nbsp;<\/p>\n<h2><b>O WORKSHOP ANGARIAR PARA VENDER<\/b><\/h2>\n<p>Massimo Forte fala sobre conceitos avan\u00e7ados de angaria\u00e7\u00e3o. Num v\u00eddeo \u00fanico de 160 minutos, tudo sobre o Processo de Angariar para Vender para profissionais de Media\u00e7\u00e3o Imobili\u00e1ria que querem elevar o seu conhecimento e o seu neg\u00f3cio ao seu ritmo, a qualquer hora, em qualquer lugar e em qualquer dispositivo.<\/p>\n<p>&nbsp;<\/p>\n<h2><strong>MASTERCLASS#1, TUDO SOBRE ANGARIA\u00c7\u00c3O<\/strong><\/h2>\n<p>Massimo Forte fala sobre conceitos b\u00e1sicos sobre o processo de ANGARIA\u00c7\u00c3O. Em v\u00eddeos de menos de 30 minutos, o essencial sobre Media\u00e7\u00e3o Imobili\u00e1ria, ao seu ritmo, a qualquer hora, em qualquer lugar e em qualquer dispositivo.<\/p>\n<p><a href=\"https:\/\/massimoforte.com\/produto\/masterclass-a-angariacao\/\">Veja a Masterclass<\/a><\/p>\n<p>&nbsp;<\/p>\n<h2><strong>MASTERCLASS#2 TUDO SOBRE O MERCADO<\/strong><\/h2>\n<p>Massimo Forte fala sobre conceitos b\u00e1sicos sobre a evolu\u00e7\u00e3o MERCADO IMOBILI\u00c1RIO.<\/p>\n<p><a href=\"https:\/\/massimoforte.com\/produto\/masterclass-o-mercado\/\">Veja a Masterclass<\/a><\/p>\n<p>&nbsp;<\/p>\n<h2><strong>MASTERCLASS #3, TUDO SOBRE PROSPE\u00c7\u00c3O, PLANEAR<\/strong><\/h2>\n<p>Massimo Forte fala sobre conceitos b\u00e1sicos sobre PROSPE\u00c7\u00c3O e como a pode PLANEAR.<\/p>\n<p><a href=\"https:\/\/massimoforte.com\/produto\/masterclass-prospecao-planear\/\">Veja a Masterclass<\/a><\/p>\n<p>&nbsp;<\/p>\n<h2><strong>MASTERCLASS #4, TUDO SOBRE PROSPE\u00c7\u00c3O, FAZER<\/strong><\/h2>\n<p>Massimo Forte d\u00e1 continua\u00e7\u00e3o \u00e0 MASTERCLASS 3 sobre o planeamento da prospe\u00e7\u00e3o e fala agora sobre conceitos b\u00e1sicos para come\u00e7ar a FAZER a sua PROSPE\u00c7\u00c3O.<\/p>\n<p><a href=\"https:\/\/massimoforte.com\/produto\/masterclass-prospecao-fazer\/\">Veja a Masterclass<\/a><\/p>\n<p>&nbsp;<\/p>\n<h2><strong>MASTERCLASS #5, TUDO SOBRE QUALIFICA\u00c7\u00c3O<\/strong><\/h2>\n<p>Massimo Forte fala sobre conceitos b\u00e1sicos sobre QUALIFICA\u00c7\u00c3O.<\/p>\n<p><a href=\"https:\/\/massimoforte.com\/produto\/masterclass-qualificacao\/\">Veja a Masterclass<\/a><\/p>\n<p>&nbsp;<\/p>\n<h2><strong>MASTERCLASS #6, TUDO SOBRE PREPARA\u00c7\u00c3O<\/strong><\/h2>\n<p>Massimo Forte fala sobre conceitos b\u00e1sicos sobre a PREPARA\u00c7\u00c3O da sua apresenta\u00e7\u00e3o de servi\u00e7os onde o pre\u00e7o representa um fator chave para todos os envolvidos.<\/p>\n<p><a href=\"https:\/\/massimoforte.com\/produto\/masterclass-preparacao\/\">Veja a Masterclass<\/a><\/p>\n<p>&nbsp;<\/p>\n<h2><strong>MASTERCLASS #7, TUDO SOBRE ACOMPANHAMENTO<\/strong><\/h2>\n<p>Massimo Forte fala sobre conceitos b\u00e1sicos sobre ACOMPANHAMENTO.<\/p>\n<p><a href=\"https:\/\/massimoforte.com\/produto\/masterclass-acompanhamento\/\">Veja a Masterclass<\/a><\/p>\n<p>&nbsp;<\/p>\n<h2><strong>MASTERCLASS #8, TUDO SOBRE O EXCLUSIVO<\/strong><\/h2>\n<p>Massimo Forte fala sobre conceitos b\u00e1sicos sobre as vantagens do servi\u00e7o em EXCLUSIVO.<\/p>\n<p><a href=\"https:\/\/massimoforte.com\/produto\/masterclass-exclusivo\/\">Veja a Masterclass<\/a><\/p>\n<p>&nbsp;<\/p>\n<h2><strong>MASTERCLASS #9, TUDO SOBRE BOAS PR\u00c1TICAS<\/strong><\/h2>\n<p>Massimo Forte fala sobre conceitos b\u00e1sicos sobre as BOAS PR\u00c1TICAS de angaria\u00e7\u00e3o.<\/p>\n<p><a href=\"https:\/\/massimoforte.com\/produto\/masterclass-boas-praticas\/\">Veja a Masterclass<\/a><\/p>\n","protected":false},"excerpt":{"rendered":"<p><span class=\"EOP SCXP81121213 BCX0\"><span class=\"TextRun SCXP222367414 BCX0\" lang=\"PT-PT\" xml:lang=\"PT-PT\" data-usefontface=\"false\" data-contrast=\"none\"><span class=\"NormalTextRun SCXP222367414 BCX0\">Aproveite o pack que t\u00eam <\/span><\/span><span class=\"TextRun SCXP222367414 BCX0\" lang=\"PT-PT\" xml:lang=\"PT-PT\" data-usefontface=\"false\" data-contrast=\"none\"><span class=\"NormalTextRun SCXP222367414 BCX0\">tudo o que lhe posso ensinar sobre, m\u00e9todo, t\u00e9cnicas, treino e experi\u00eancia de ANGARIAR PARA\u00a0<\/span><\/span><span class=\"TextRun SCXP222367414 BCX0\" lang=\"PT-PT\" xml:lang=\"PT-PT\" data-usefontface=\"false\" data-contrast=\"none\"><span class=\"NormalTextRun SCXP222367414 BCX0\">VENDER para evoluir de profissional, para TOP PRODUCER. Tudo sobre media\u00e7\u00e3o imobili\u00e1ria, \u00e9 na\u00a0<\/span><\/span><span class=\"TextRun SCXP222367414 BCX0\" lang=\"PT-PT\" xml:lang=\"PT-PT\" data-usefontface=\"false\" data-contrast=\"none\"><span class=\"NormalTextRun SCXP222367414 BCX0\">REAL! Forma\u00e7\u00e3o para o imobili\u00e1rio, a qualquer hora, em qualquer lugar.<\/span><\/span><span class=\"EOP SCXP222367414 BCX0\">\u200b<\/span>\u200b<\/span><\/p>\n","protected":false},"featured_media":19958,"comment_status":"open","ping_status":"closed","template":"","meta":[],"product_cat":[20,26],"product_tag":[118],"class_list":{"0":"post-19836","1":"product","2":"type-product","3":"status-publish","4":"has-post-thumbnail","6":"product_cat-cursos-online-real","7":"product_cat-promo-packs","8":"product_tag-pack","10":"first","11":"instock","12":"virtual","13":"taxable","14":"purchasable","15":"product-type-simple"},"yoast_head":"<!-- This site is optimized with the Yoast SEO plugin v19.9 - https:\/\/yoast.com\/wordpress\/plugins\/seo\/ -->\n<title>PACK TOP PRODUCER - Massimo Forte<\/title>\n<meta name=\"description\" content=\"PACK 2 CURSOS + 9 MASTERCLASSES + 1 WORKSHOP com 584 minutos. Aproveite o pack que t\u00eam tudo o que lhe posso ensinar sobre, m\u00e9todo, t\u00e9cnicas, treino e experi\u00eancia de ANGARIAR PARA VENDER para evoluir de profissional, para TOP PRODUCER. Tudo sobre media\u00e7\u00e3o imobili\u00e1ria, \u00e9 na REAL! Forma\u00e7\u00e3o para o imobili\u00e1rio, a qualquer hora, em qualquer lugar.\u200b\" \/>\n<meta name=\"robots\" content=\"index, follow, max-snippet:-1, max-image-preview:large, max-video-preview:-1\" \/>\n<link rel=\"canonical\" href=\"https:\/\/massimoforte.com\/produto\/pack-top-producer\/\" \/>\n<meta property=\"og:locale\" content=\"it_IT\" \/>\n<meta property=\"og:type\" content=\"article\" \/>\n<meta property=\"og:title\" content=\"PACK TOP PRODUCER - Massimo Forte\" \/>\n<meta property=\"og:description\" content=\"PACK 2 CURSOS + 9 MASTERCLASSES + 1 WORKSHOP com 584 minutos. Aproveite o pack que t\u00eam tudo o que lhe posso ensinar sobre, m\u00e9todo, t\u00e9cnicas, treino e experi\u00eancia de ANGARIAR PARA VENDER para evoluir de profissional, para TOP PRODUCER. Tudo sobre media\u00e7\u00e3o imobili\u00e1ria, \u00e9 na REAL! Forma\u00e7\u00e3o para o imobili\u00e1rio, a qualquer hora, em qualquer lugar.\u200b\" \/>\n<meta property=\"og:url\" content=\"https:\/\/massimoforte.com\/produto\/pack-top-producer\/\" \/>\n<meta property=\"og:site_name\" content=\"Massimo Forte\" \/>\n<meta property=\"article:publisher\" content=\"https:\/\/www.facebook.com\/massimo.forte.94\/\" \/>\n<meta property=\"article:modified_time\" content=\"2025-12-04T10:09:36+00:00\" \/>\n<meta property=\"og:image\" content=\"https:\/\/massimoforte.com\/wp-content\/uploads\/2022\/10\/Producer_V02-1.png\" \/>\n\t<meta property=\"og:image:width\" content=\"300\" \/>\n\t<meta property=\"og:image:height\" content=\"301\" \/>\n\t<meta property=\"og:image:type\" content=\"image\/png\" \/>\n<meta name=\"twitter:card\" content=\"summary_large_image\" \/>\n<meta name=\"twitter:site\" content=\"@massimoforte7\" \/>\n<meta name=\"twitter:label1\" content=\"Tempo di lettura stimato\" \/>\n\t<meta name=\"twitter:data1\" content=\"3 minuti\" \/>\n<script type=\"application\/ld+json\" class=\"yoast-schema-graph\">{\"@context\":\"https:\/\/schema.org\",\"@graph\":[{\"@type\":\"WebPage\",\"@id\":\"https:\/\/massimoforte.com\/produto\/pack-top-producer\/\",\"url\":\"https:\/\/massimoforte.com\/produto\/pack-top-producer\/\",\"name\":\"PACK TOP PRODUCER - Massimo Forte\",\"isPartOf\":{\"@id\":\"https:\/\/massimoforte.com\/#website\"},\"datePublished\":\"2020-10-18T07:32:06+00:00\",\"dateModified\":\"2025-12-04T10:09:36+00:00\",\"description\":\"PACK 2 CURSOS + 9 MASTERCLASSES + 1 WORKSHOP com 584 minutos. Aproveite o pack que t\u00eam tudo o que lhe posso ensinar sobre, m\u00e9todo, t\u00e9cnicas, treino e experi\u00eancia de ANGARIAR PARA VENDER para evoluir de profissional, para TOP PRODUCER. Tudo sobre media\u00e7\u00e3o imobili\u00e1ria, \u00e9 na REAL! Forma\u00e7\u00e3o para o imobili\u00e1rio, a qualquer hora, em qualquer lugar.\u200b\",\"breadcrumb\":{\"@id\":\"https:\/\/massimoforte.com\/produto\/pack-top-producer\/#breadcrumb\"},\"inLanguage\":\"it-IT\",\"potentialAction\":[{\"@type\":\"ReadAction\",\"target\":[\"https:\/\/massimoforte.com\/produto\/pack-top-producer\/\"]}]},{\"@type\":\"BreadcrumbList\",\"@id\":\"https:\/\/massimoforte.com\/produto\/pack-top-producer\/#breadcrumb\",\"itemListElement\":[{\"@type\":\"ListItem\",\"position\":1,\"name\":\"In\u00edcio\",\"item\":\"https:\/\/massimoforte.com\/\"},{\"@type\":\"ListItem\",\"position\":2,\"name\":\"Loja\",\"item\":\"https:\/\/massimoforte.com\/loja\/\"},{\"@type\":\"ListItem\",\"position\":3,\"name\":\"PACK TOP PRODUCER\"}]},{\"@type\":\"WebSite\",\"@id\":\"https:\/\/massimoforte.com\/#website\",\"url\":\"https:\/\/massimoforte.com\/\",\"name\":\"Massimo Forte\",\"description\":\"Massimo Forte \u00e9 seguido por milhares de profissionais do imobili\u00e1rio e reconhecido como uma marca apaixonada por influenciar pessoas a potenciar os seus neg\u00f3cios de Media\u00e7\u00e3o Imobili\u00e1ria.\",\"potentialAction\":[{\"@type\":\"SearchAction\",\"target\":{\"@type\":\"EntryPoint\",\"urlTemplate\":\"https:\/\/massimoforte.com\/?s={search_term_string}\"},\"query-input\":\"required name=search_term_string\"}],\"inLanguage\":\"it-IT\"}]}<\/script>\n<!-- \/ Yoast SEO plugin. -->","yoast_head_json":{"title":"PACK TOP PRODUCER - Massimo Forte","description":"PACK 2 CURSOS + 9 MASTERCLASSES + 1 WORKSHOP com 584 minutos. Aproveite o pack que t\u00eam tudo o que lhe posso ensinar sobre, m\u00e9todo, t\u00e9cnicas, treino e experi\u00eancia de ANGARIAR PARA VENDER para evoluir de profissional, para TOP PRODUCER. Tudo sobre media\u00e7\u00e3o imobili\u00e1ria, \u00e9 na REAL! Forma\u00e7\u00e3o para o imobili\u00e1rio, a qualquer hora, em qualquer lugar.\u200b","robots":{"index":"index","follow":"follow","max-snippet":"max-snippet:-1","max-image-preview":"max-image-preview:large","max-video-preview":"max-video-preview:-1"},"canonical":"https:\/\/massimoforte.com\/produto\/pack-top-producer\/","og_locale":"it_IT","og_type":"article","og_title":"PACK TOP PRODUCER - Massimo Forte","og_description":"PACK 2 CURSOS + 9 MASTERCLASSES + 1 WORKSHOP com 584 minutos. Aproveite o pack que t\u00eam tudo o que lhe posso ensinar sobre, m\u00e9todo, t\u00e9cnicas, treino e experi\u00eancia de ANGARIAR PARA VENDER para evoluir de profissional, para TOP PRODUCER. Tudo sobre media\u00e7\u00e3o imobili\u00e1ria, \u00e9 na REAL! Forma\u00e7\u00e3o para o imobili\u00e1rio, a qualquer hora, em qualquer lugar.\u200b","og_url":"https:\/\/massimoforte.com\/produto\/pack-top-producer\/","og_site_name":"Massimo Forte","article_publisher":"https:\/\/www.facebook.com\/massimo.forte.94\/","article_modified_time":"2025-12-04T10:09:36+00:00","og_image":[{"width":300,"height":301,"url":"https:\/\/massimoforte.com\/wp-content\/uploads\/2022\/10\/Producer_V02-1.png","type":"image\/png"}],"twitter_card":"summary_large_image","twitter_site":"@massimoforte7","twitter_misc":{"Tempo di lettura stimato":"3 minuti"},"schema":{"@context":"https:\/\/schema.org","@graph":[{"@type":"WebPage","@id":"https:\/\/massimoforte.com\/produto\/pack-top-producer\/","url":"https:\/\/massimoforte.com\/produto\/pack-top-producer\/","name":"PACK TOP PRODUCER - Massimo Forte","isPartOf":{"@id":"https:\/\/massimoforte.com\/#website"},"datePublished":"2020-10-18T07:32:06+00:00","dateModified":"2025-12-04T10:09:36+00:00","description":"PACK 2 CURSOS + 9 MASTERCLASSES + 1 WORKSHOP com 584 minutos. Aproveite o pack que t\u00eam tudo o que lhe posso ensinar sobre, m\u00e9todo, t\u00e9cnicas, treino e experi\u00eancia de ANGARIAR PARA VENDER para evoluir de profissional, para TOP PRODUCER. Tudo sobre media\u00e7\u00e3o imobili\u00e1ria, \u00e9 na REAL! Forma\u00e7\u00e3o para o imobili\u00e1rio, a qualquer hora, em qualquer lugar.\u200b","breadcrumb":{"@id":"https:\/\/massimoforte.com\/produto\/pack-top-producer\/#breadcrumb"},"inLanguage":"it-IT","potentialAction":[{"@type":"ReadAction","target":["https:\/\/massimoforte.com\/produto\/pack-top-producer\/"]}]},{"@type":"BreadcrumbList","@id":"https:\/\/massimoforte.com\/produto\/pack-top-producer\/#breadcrumb","itemListElement":[{"@type":"ListItem","position":1,"name":"In\u00edcio","item":"https:\/\/massimoforte.com\/"},{"@type":"ListItem","position":2,"name":"Loja","item":"https:\/\/massimoforte.com\/loja\/"},{"@type":"ListItem","position":3,"name":"PACK TOP PRODUCER"}]},{"@type":"WebSite","@id":"https:\/\/massimoforte.com\/#website","url":"https:\/\/massimoforte.com\/","name":"Massimo Forte","description":"Massimo Forte \u00e9 seguido por milhares de profissionais do imobili\u00e1rio e reconhecido como uma marca apaixonada por influenciar pessoas a potenciar os seus neg\u00f3cios de Media\u00e7\u00e3o Imobili\u00e1ria.","potentialAction":[{"@type":"SearchAction","target":{"@type":"EntryPoint","urlTemplate":"https:\/\/massimoforte.com\/?s={search_term_string}"},"query-input":"required name=search_term_string"}],"inLanguage":"it-IT"}]}},"_links":{"self":[{"href":"https:\/\/massimoforte.com\/it\/wp-json\/wp\/v2\/product\/19836","targetHints":{"allow":["GET"]}}],"collection":[{"href":"https:\/\/massimoforte.com\/it\/wp-json\/wp\/v2\/product"}],"about":[{"href":"https:\/\/massimoforte.com\/it\/wp-json\/wp\/v2\/types\/product"}],"replies":[{"embeddable":true,"href":"https:\/\/massimoforte.com\/it\/wp-json\/wp\/v2\/comments?post=19836"}],"wp:featuredmedia":[{"embeddable":true,"href":"https:\/\/massimoforte.com\/it\/wp-json\/wp\/v2\/media\/19958"}],"wp:attachment":[{"href":"https:\/\/massimoforte.com\/it\/wp-json\/wp\/v2\/media?parent=19836"}],"wp:term":[{"taxonomy":"product_cat","embeddable":true,"href":"https:\/\/massimoforte.com\/it\/wp-json\/wp\/v2\/product_cat?post=19836"},{"taxonomy":"product_tag","embeddable":true,"href":"https:\/\/massimoforte.com\/it\/wp-json\/wp\/v2\/product_tag?post=19836"}],"curies":[{"name":"wp","href":"https:\/\/api.w.org\/{rel}","templated":true}]}}