{"id":199,"date":"2021-10-25T14:30:51","date_gmt":"2021-10-25T14:30:51","guid":{"rendered":"http:\/\/massimo-forte.test\/?post_type=product&#038;p=199"},"modified":"2022-01-20T11:20:34","modified_gmt":"2022-01-20T11:20:34","slug":"audiobook-o-poder-da-prospecao","status":"publish","type":"product","link":"https:\/\/massimoforte.com\/it\/produto\/audiobook-o-poder-da-prospecao\/","title":{"rendered":"O Poder da Prospe\u00e7\u00e3o"},"content":{"rendered":"<p>Ou\u00e7a este audiobook, domine O PODER DA PROSPE\u00c7\u00c3O e eleve o seu neg\u00f3cio! Saiba tudo sobre a gera\u00e7\u00e3o de contactos na Media\u00e7\u00e3o Imobili\u00e1ria, um neg\u00f3cio de pessoas para pessoas.<\/p>\n<p>A Prospe\u00e7\u00e3o representa o primeiro passo do processo de venda. Sem o dom\u00ednio deste passo, os seguintes, como a angaria\u00e7\u00e3o, simplesmente n\u00e3o fazem sentido.<\/p>\n<p>Apesar de saberem isto, grande parte dos Agentes Imobili\u00e1rios e outros profissionais t\u00eam avers\u00e3o \u00e0 atividade de Prospe\u00e7\u00e3o. N\u00e3o gostam de abordar diretamente sem solicita\u00e7\u00e3o, sentem que \u00e9 desagrad\u00e1vel para si e para os outros e n\u00e3o acreditam no processo, acham que \u00e9 um esfor\u00e7o em v\u00e3o e desistem mesmo antes de come\u00e7ar, simplesmente porque n\u00e3o conseguem lidar com:<\/p>\n<ul>\n<li>Convic\u00e7\u00f5es limitativas;<\/li>\n<li>M\u00e1 defini\u00e7\u00e3o de objetivos;<\/li>\n<li>Aus\u00eancia de prop\u00f3sito;<\/li>\n<li>Falta de compet\u00eancias t\u00e9cnicas e emocionais.<\/li>\n<\/ul>\n<p>&nbsp;<\/p>\n<p>O PODER DA PROSPE\u00c7\u00c3O vai ajud\u00e1-lo a perceber e a desenvolver o seu potencial, guiando-o passo a passo na defini\u00e7\u00e3o da sua Estrat\u00e9gia e Plano de Prospe\u00e7\u00e3o para transformar prospetos em clientes e dominar o seu neg\u00f3cio sem ter de depender de terceiros.<\/p>\n","protected":false},"excerpt":{"rendered":"<p><b>Ou\u00e7a e domine o poder de elevar o seu neg\u00f3cio. Tudo sobre a gera\u00e7\u00e3o de contactos na Media\u00e7\u00e3o Imobili\u00e1ria, um neg\u00f3cio de pessoas para pessoas.<\/b><\/p>\n","protected":false},"featured_media":501,"comment_status":"open","ping_status":"closed","template":"","meta":[],"product_cat":[19],"product_tag":[],"class_list":{"0":"post-199","1":"product","2":"type-product","3":"status-publish","4":"has-post-thumbnail","6":"product_cat-audiobooks","7":"product_shipping_class-sem-portes","9":"first","10":"instock","11":"downloadable","12":"virtual","13":"taxable","14":"purchasable","15":"product-type-simple"},"yoast_head":"<!-- This site is optimized with the Yoast SEO plugin v19.9 - https:\/\/yoast.com\/wordpress\/plugins\/seo\/ -->\n<title>O Poder da Prospe\u00e7\u00e3o - Massimo Forte<\/title>\n<meta name=\"robots\" content=\"index, follow, max-snippet:-1, max-image-preview:large, max-video-preview:-1\" \/>\n<link rel=\"canonical\" href=\"https:\/\/massimoforte.com\/produto\/audiobook-o-poder-da-prospecao\/\" \/>\n<meta property=\"og:locale\" content=\"it_IT\" \/>\n<meta property=\"og:type\" content=\"article\" \/>\n<meta property=\"og:title\" content=\"O Poder da Prospe\u00e7\u00e3o - Massimo Forte\" \/>\n<meta property=\"og:description\" content=\"Ou\u00e7a e domine o poder de elevar o seu neg\u00f3cio. Tudo sobre a gera\u00e7\u00e3o de contactos na Media\u00e7\u00e3o Imobili\u00e1ria, um neg\u00f3cio de pessoas para pessoas.\" \/>\n<meta property=\"og:url\" content=\"https:\/\/massimoforte.com\/produto\/audiobook-o-poder-da-prospecao\/\" \/>\n<meta property=\"og:site_name\" content=\"Massimo Forte\" \/>\n<meta property=\"article:publisher\" content=\"https:\/\/www.facebook.com\/massimo.forte.94\/\" \/>\n<meta property=\"article:modified_time\" content=\"2022-01-20T11:20:34+00:00\" \/>\n<meta property=\"og:image\" content=\"https:\/\/massimoforte.com\/wp-content\/uploads\/2021\/10\/Produtos-Pagina-Home_Audiobook-OPP_AF-1.png\" \/>\n\t<meta property=\"og:image:width\" content=\"300\" \/>\n\t<meta property=\"og:image:height\" content=\"300\" \/>\n\t<meta property=\"og:image:type\" content=\"image\/png\" \/>\n<meta name=\"twitter:card\" content=\"summary_large_image\" \/>\n<meta name=\"twitter:site\" content=\"@massimoforte7\" \/>\n<meta name=\"twitter:label1\" content=\"Tempo di lettura stimato\" \/>\n\t<meta name=\"twitter:data1\" content=\"1 minuto\" \/>\n<script type=\"application\/ld+json\" class=\"yoast-schema-graph\">{\"@context\":\"https:\/\/schema.org\",\"@graph\":[{\"@type\":\"WebPage\",\"@id\":\"https:\/\/massimoforte.com\/produto\/audiobook-o-poder-da-prospecao\/\",\"url\":\"https:\/\/massimoforte.com\/produto\/audiobook-o-poder-da-prospecao\/\",\"name\":\"O Poder da Prospe\u00e7\u00e3o - Massimo Forte\",\"isPartOf\":{\"@id\":\"https:\/\/massimoforte.com\/#website\"},\"datePublished\":\"2021-10-25T14:30:51+00:00\",\"dateModified\":\"2022-01-20T11:20:34+00:00\",\"breadcrumb\":{\"@id\":\"https:\/\/massimoforte.com\/produto\/audiobook-o-poder-da-prospecao\/#breadcrumb\"},\"inLanguage\":\"it-IT\",\"potentialAction\":[{\"@type\":\"ReadAction\",\"target\":[\"https:\/\/massimoforte.com\/produto\/audiobook-o-poder-da-prospecao\/\"]}]},{\"@type\":\"BreadcrumbList\",\"@id\":\"https:\/\/massimoforte.com\/produto\/audiobook-o-poder-da-prospecao\/#breadcrumb\",\"itemListElement\":[{\"@type\":\"ListItem\",\"position\":1,\"name\":\"In\u00edcio\",\"item\":\"https:\/\/massimoforte.com\/\"},{\"@type\":\"ListItem\",\"position\":2,\"name\":\"Loja\",\"item\":\"https:\/\/massimoforte.com\/loja\/\"},{\"@type\":\"ListItem\",\"position\":3,\"name\":\"O Poder da Prospe\u00e7\u00e3o\"}]},{\"@type\":\"WebSite\",\"@id\":\"https:\/\/massimoforte.com\/#website\",\"url\":\"https:\/\/massimoforte.com\/\",\"name\":\"Massimo Forte\",\"description\":\"Massimo Forte \u00e9 seguido por milhares de profissionais do imobili\u00e1rio e reconhecido como uma marca apaixonada por influenciar pessoas a potenciar os seus neg\u00f3cios de Media\u00e7\u00e3o Imobili\u00e1ria.\",\"potentialAction\":[{\"@type\":\"SearchAction\",\"target\":{\"@type\":\"EntryPoint\",\"urlTemplate\":\"https:\/\/massimoforte.com\/?s={search_term_string}\"},\"query-input\":\"required name=search_term_string\"}],\"inLanguage\":\"it-IT\"}]}<\/script>\n<!-- \/ Yoast SEO plugin. -->","yoast_head_json":{"title":"O Poder da Prospe\u00e7\u00e3o - Massimo Forte","robots":{"index":"index","follow":"follow","max-snippet":"max-snippet:-1","max-image-preview":"max-image-preview:large","max-video-preview":"max-video-preview:-1"},"canonical":"https:\/\/massimoforte.com\/produto\/audiobook-o-poder-da-prospecao\/","og_locale":"it_IT","og_type":"article","og_title":"O Poder da Prospe\u00e7\u00e3o - Massimo Forte","og_description":"Ou\u00e7a e domine o poder de elevar o seu neg\u00f3cio. Tudo sobre a gera\u00e7\u00e3o de contactos na Media\u00e7\u00e3o Imobili\u00e1ria, um neg\u00f3cio de pessoas para pessoas.","og_url":"https:\/\/massimoforte.com\/produto\/audiobook-o-poder-da-prospecao\/","og_site_name":"Massimo Forte","article_publisher":"https:\/\/www.facebook.com\/massimo.forte.94\/","article_modified_time":"2022-01-20T11:20:34+00:00","og_image":[{"width":300,"height":300,"url":"https:\/\/massimoforte.com\/wp-content\/uploads\/2021\/10\/Produtos-Pagina-Home_Audiobook-OPP_AF-1.png","type":"image\/png"}],"twitter_card":"summary_large_image","twitter_site":"@massimoforte7","twitter_misc":{"Tempo di lettura stimato":"1 minuto"},"schema":{"@context":"https:\/\/schema.org","@graph":[{"@type":"WebPage","@id":"https:\/\/massimoforte.com\/produto\/audiobook-o-poder-da-prospecao\/","url":"https:\/\/massimoforte.com\/produto\/audiobook-o-poder-da-prospecao\/","name":"O Poder da Prospe\u00e7\u00e3o - Massimo Forte","isPartOf":{"@id":"https:\/\/massimoforte.com\/#website"},"datePublished":"2021-10-25T14:30:51+00:00","dateModified":"2022-01-20T11:20:34+00:00","breadcrumb":{"@id":"https:\/\/massimoforte.com\/produto\/audiobook-o-poder-da-prospecao\/#breadcrumb"},"inLanguage":"it-IT","potentialAction":[{"@type":"ReadAction","target":["https:\/\/massimoforte.com\/produto\/audiobook-o-poder-da-prospecao\/"]}]},{"@type":"BreadcrumbList","@id":"https:\/\/massimoforte.com\/produto\/audiobook-o-poder-da-prospecao\/#breadcrumb","itemListElement":[{"@type":"ListItem","position":1,"name":"In\u00edcio","item":"https:\/\/massimoforte.com\/"},{"@type":"ListItem","position":2,"name":"Loja","item":"https:\/\/massimoforte.com\/loja\/"},{"@type":"ListItem","position":3,"name":"O Poder da Prospe\u00e7\u00e3o"}]},{"@type":"WebSite","@id":"https:\/\/massimoforte.com\/#website","url":"https:\/\/massimoforte.com\/","name":"Massimo Forte","description":"Massimo Forte \u00e9 seguido por milhares de profissionais do imobili\u00e1rio e reconhecido como uma marca apaixonada por influenciar pessoas a potenciar os seus neg\u00f3cios de Media\u00e7\u00e3o Imobili\u00e1ria.","potentialAction":[{"@type":"SearchAction","target":{"@type":"EntryPoint","urlTemplate":"https:\/\/massimoforte.com\/?s={search_term_string}"},"query-input":"required name=search_term_string"}],"inLanguage":"it-IT"}]}},"_links":{"self":[{"href":"https:\/\/massimoforte.com\/it\/wp-json\/wp\/v2\/product\/199","targetHints":{"allow":["GET"]}}],"collection":[{"href":"https:\/\/massimoforte.com\/it\/wp-json\/wp\/v2\/product"}],"about":[{"href":"https:\/\/massimoforte.com\/it\/wp-json\/wp\/v2\/types\/product"}],"replies":[{"embeddable":true,"href":"https:\/\/massimoforte.com\/it\/wp-json\/wp\/v2\/comments?post=199"}],"wp:featuredmedia":[{"embeddable":true,"href":"https:\/\/massimoforte.com\/it\/wp-json\/wp\/v2\/media\/501"}],"wp:attachment":[{"href":"https:\/\/massimoforte.com\/it\/wp-json\/wp\/v2\/media?parent=199"}],"wp:term":[{"taxonomy":"product_cat","embeddable":true,"href":"https:\/\/massimoforte.com\/it\/wp-json\/wp\/v2\/product_cat?post=199"},{"taxonomy":"product_tag","embeddable":true,"href":"https:\/\/massimoforte.com\/it\/wp-json\/wp\/v2\/product_tag?post=199"}],"curies":[{"name":"wp","href":"https:\/\/api.w.org\/{rel}","templated":true}]}}