{"id":205,"date":"2021-10-25T14:47:17","date_gmt":"2021-10-25T14:47:17","guid":{"rendered":"http:\/\/massimo-forte.test\/?post_type=product&#038;p=205"},"modified":"2025-12-09T13:02:32","modified_gmt":"2025-12-09T13:02:32","slug":"livro-angariar-para-vender","status":"publish","type":"product","link":"https:\/\/massimoforte.com\/it\/produto\/livro-angariar-para-vender\/","title":{"rendered":"Angariar para Vender"},"content":{"rendered":"<p>Se procura o livro de refer\u00eancia para a \u00e1rea de media\u00e7\u00e3o imobili\u00e1ria, \u00e9 inevit\u00e1vel que todas as marcas e profissionais do setor referenciem o livro de Massimo Forte, \u201cAngariar para Vender\u201d, um best seller que desde 2014 tem vindo a bater recordes de venda e a acompanhar pessoas que t\u00eam como objetivo passar de curiosos, a profissionais e verdadeiros Top Producers.<\/p>\n<p>\u201cAngariar para Vender\u201d, revela o mapa do neg\u00f3cio com tudo sobre a atividade de media\u00e7\u00e3o imobili\u00e1ria, um neg\u00f3cio que o autor considera ser \u201cde pessoas para pessoas\u201d.<\/p>\n<p>Saiba como comunicar, trabalhar e angariar com \u00e9tica, desde a fase da prospe\u00e7\u00e3o, at\u00e9 \u00e0 negocia\u00e7\u00e3o, fecho, venda e fideliza\u00e7\u00e3o, percorrendo os modelos, as t\u00e9cnicas, os sistemas, as ferramentas, as tecnologias e as principais tend\u00eancias acompanhadas de testemunhos valiosos para quem gere ag\u00eancias, atua no terreno, ou simplesmente para quem n\u00e3o sabe por onde come\u00e7ar.<\/p>\n<p>Com a ambi\u00e7\u00e3o de ser muito mais do que um livro, \u201cAngariar para Vender\u201d pode ser o seu mapa do neg\u00f3cio e manual de boas pr\u00e1ticas com ensinamentos, valores e inspira\u00e7\u00e3o que pode ter sempre \u00e0 m\u00e3o.<\/p>\n<p>Para isso conta com o pref\u00e1cio de Jo\u00e3o Catal\u00e3o, reconhecido Coach &amp; Mentor de Executivos (C-level) e a participa\u00e7\u00e3o de v\u00e1rios testemunhos como Pedro Pereira e Pedro Megre, da UCI, Francisco Ferreira Lima da CGD, Gon\u00e7alo Nascimento Rodrigues, do blogue \u201cOut of The Box\u201d, Vasco Marques e Ana Mendes, como especialistas em online, e muitos mais profissionais do setor.<\/p>\n<p>&nbsp;<\/p>\n<p><em>\u201cMassimo Forte tem sido como uma mola impulsionadora de credibilidade e profissionalismo num setor ainda considerado por muitos como menor e que muito tem para crescer e evoluir, \u00e0 semelhan\u00e7a de outros mercados mais amadurecidos e competitivos (EUA e Canad\u00e1). O caminho faz-se caminhando e o nosso, em Portugal, come\u00e7a agora a ter um fio condutor.\u201d <\/em><\/p>\n<p><strong>Nuno Gomes, CEO RE\/MAX Prestige<\/strong><\/p>\n","protected":false},"excerpt":{"rendered":"<p>Livro de refer\u00eancia para todas as marcas e profissionais do setor, \u201cAngariar para Vender\u201d de Massimo Forte, um best seller que desde 2014 tem vindo a bater recordes de venda e a acompanhar pessoas que t\u00eam como objetivo passar de curiosos, a profissionais e verdadeiros Top Producers do imobili\u00e1rio.<\/p>\n","protected":false},"featured_media":22888,"comment_status":"open","ping_status":"closed","template":"","meta":[],"product_cat":[23],"product_tag":[],"class_list":{"0":"post-205","1":"product","2":"type-product","3":"status-publish","4":"has-post-thumbnail","6":"product_cat-livros","7":"product_shipping_class-sem-portes","9":"first","10":"instock","11":"taxable","12":"shipping-taxable","13":"purchasable","14":"product-type-simple"},"yoast_head":"<!-- This site is optimized with the Yoast SEO plugin v19.9 - https:\/\/yoast.com\/wordpress\/plugins\/seo\/ -->\n<title>Angariar para Vender - Massimo Forte<\/title>\n<meta name=\"description\" content=\"Livro de refer\u00eancia para todas as marcas e profissionais do setor, \u201cAngariar para Vender\u201d de Massimo Forte, um best seller que desde 2014 tem vindo a bater recordes de venda e a acompanhar pessoas que t\u00eam como objetivo passar de curiosos, a profissionais e verdadeiros Top Producers do imobili\u00e1rio.\" \/>\n<meta name=\"robots\" content=\"index, follow, max-snippet:-1, max-image-preview:large, max-video-preview:-1\" \/>\n<link rel=\"canonical\" href=\"https:\/\/massimoforte.com\/produto\/livro-angariar-para-vender\/\" \/>\n<meta property=\"og:locale\" content=\"it_IT\" \/>\n<meta property=\"og:type\" content=\"article\" \/>\n<meta property=\"og:title\" content=\"Angariar para Vender - Massimo Forte\" \/>\n<meta property=\"og:description\" content=\"Livro de refer\u00eancia para todas as marcas e profissionais do setor, \u201cAngariar para Vender\u201d de Massimo Forte, um best seller que desde 2014 tem vindo a bater recordes de venda e a acompanhar pessoas que t\u00eam como objetivo passar de curiosos, a profissionais e verdadeiros Top Producers do imobili\u00e1rio.\" \/>\n<meta property=\"og:url\" content=\"https:\/\/massimoforte.com\/produto\/livro-angariar-para-vender\/\" \/>\n<meta property=\"og:site_name\" content=\"Massimo Forte\" \/>\n<meta property=\"article:publisher\" content=\"https:\/\/www.facebook.com\/massimo.forte.94\/\" \/>\n<meta property=\"article:modified_time\" content=\"2025-12-09T13:02:32+00:00\" \/>\n<meta property=\"og:image\" content=\"https:\/\/massimoforte.com\/wp-content\/uploads\/2021\/10\/livro-angariar-para-vender-scaled.webp\" \/>\n\t<meta property=\"og:image:width\" content=\"2276\" \/>\n\t<meta property=\"og:image:height\" content=\"2560\" \/>\n\t<meta property=\"og:image:type\" content=\"image\/webp\" \/>\n<meta name=\"twitter:card\" content=\"summary_large_image\" \/>\n<meta name=\"twitter:site\" content=\"@massimoforte7\" \/>\n<meta name=\"twitter:label1\" content=\"Tempo di lettura stimato\" \/>\n\t<meta name=\"twitter:data1\" content=\"2 minuti\" \/>\n<script type=\"application\/ld+json\" class=\"yoast-schema-graph\">{\"@context\":\"https:\/\/schema.org\",\"@graph\":[{\"@type\":\"WebPage\",\"@id\":\"https:\/\/massimoforte.com\/produto\/livro-angariar-para-vender\/\",\"url\":\"https:\/\/massimoforte.com\/produto\/livro-angariar-para-vender\/\",\"name\":\"Angariar para Vender - Massimo Forte\",\"isPartOf\":{\"@id\":\"https:\/\/massimoforte.com\/#website\"},\"datePublished\":\"2021-10-25T14:47:17+00:00\",\"dateModified\":\"2025-12-09T13:02:32+00:00\",\"description\":\"Livro de refer\u00eancia para todas as marcas e profissionais do setor, \u201cAngariar para Vender\u201d de Massimo Forte, um best seller que desde 2014 tem vindo a bater recordes de venda e a acompanhar pessoas que t\u00eam como objetivo passar de curiosos, a profissionais e verdadeiros Top Producers do imobili\u00e1rio.\",\"breadcrumb\":{\"@id\":\"https:\/\/massimoforte.com\/produto\/livro-angariar-para-vender\/#breadcrumb\"},\"inLanguage\":\"it-IT\",\"potentialAction\":[{\"@type\":\"ReadAction\",\"target\":[\"https:\/\/massimoforte.com\/produto\/livro-angariar-para-vender\/\"]}]},{\"@type\":\"BreadcrumbList\",\"@id\":\"https:\/\/massimoforte.com\/produto\/livro-angariar-para-vender\/#breadcrumb\",\"itemListElement\":[{\"@type\":\"ListItem\",\"position\":1,\"name\":\"In\u00edcio\",\"item\":\"https:\/\/massimoforte.com\/\"},{\"@type\":\"ListItem\",\"position\":2,\"name\":\"Loja\",\"item\":\"https:\/\/massimoforte.com\/loja\/\"},{\"@type\":\"ListItem\",\"position\":3,\"name\":\"Angariar para Vender\"}]},{\"@type\":\"WebSite\",\"@id\":\"https:\/\/massimoforte.com\/#website\",\"url\":\"https:\/\/massimoforte.com\/\",\"name\":\"Massimo Forte\",\"description\":\"Massimo Forte \u00e9 seguido por milhares de profissionais do imobili\u00e1rio e reconhecido como uma marca apaixonada por influenciar pessoas a potenciar os seus neg\u00f3cios de Media\u00e7\u00e3o Imobili\u00e1ria.\",\"potentialAction\":[{\"@type\":\"SearchAction\",\"target\":{\"@type\":\"EntryPoint\",\"urlTemplate\":\"https:\/\/massimoforte.com\/?s={search_term_string}\"},\"query-input\":\"required name=search_term_string\"}],\"inLanguage\":\"it-IT\"}]}<\/script>\n<!-- \/ Yoast SEO plugin. -->","yoast_head_json":{"title":"Angariar para Vender - Massimo Forte","description":"Livro de refer\u00eancia para todas as marcas e profissionais do setor, \u201cAngariar para Vender\u201d de Massimo Forte, um best seller que desde 2014 tem vindo a bater recordes de venda e a acompanhar pessoas que t\u00eam como objetivo passar de curiosos, a profissionais e verdadeiros Top Producers do imobili\u00e1rio.","robots":{"index":"index","follow":"follow","max-snippet":"max-snippet:-1","max-image-preview":"max-image-preview:large","max-video-preview":"max-video-preview:-1"},"canonical":"https:\/\/massimoforte.com\/produto\/livro-angariar-para-vender\/","og_locale":"it_IT","og_type":"article","og_title":"Angariar para Vender - Massimo Forte","og_description":"Livro de refer\u00eancia para todas as marcas e profissionais do setor, \u201cAngariar para Vender\u201d de Massimo Forte, um best seller que desde 2014 tem vindo a bater recordes de venda e a acompanhar pessoas que t\u00eam como objetivo passar de curiosos, a profissionais e verdadeiros Top Producers do imobili\u00e1rio.","og_url":"https:\/\/massimoforte.com\/produto\/livro-angariar-para-vender\/","og_site_name":"Massimo Forte","article_publisher":"https:\/\/www.facebook.com\/massimo.forte.94\/","article_modified_time":"2025-12-09T13:02:32+00:00","og_image":[{"width":2276,"height":2560,"url":"https:\/\/massimoforte.com\/wp-content\/uploads\/2021\/10\/livro-angariar-para-vender-scaled.webp","type":"image\/webp"}],"twitter_card":"summary_large_image","twitter_site":"@massimoforte7","twitter_misc":{"Tempo di lettura stimato":"2 minuti"},"schema":{"@context":"https:\/\/schema.org","@graph":[{"@type":"WebPage","@id":"https:\/\/massimoforte.com\/produto\/livro-angariar-para-vender\/","url":"https:\/\/massimoforte.com\/produto\/livro-angariar-para-vender\/","name":"Angariar para Vender - Massimo Forte","isPartOf":{"@id":"https:\/\/massimoforte.com\/#website"},"datePublished":"2021-10-25T14:47:17+00:00","dateModified":"2025-12-09T13:02:32+00:00","description":"Livro de refer\u00eancia para todas as marcas e profissionais do setor, \u201cAngariar para Vender\u201d de Massimo Forte, um best seller que desde 2014 tem vindo a bater recordes de venda e a acompanhar pessoas que t\u00eam como objetivo passar de curiosos, a profissionais e verdadeiros Top Producers do imobili\u00e1rio.","breadcrumb":{"@id":"https:\/\/massimoforte.com\/produto\/livro-angariar-para-vender\/#breadcrumb"},"inLanguage":"it-IT","potentialAction":[{"@type":"ReadAction","target":["https:\/\/massimoforte.com\/produto\/livro-angariar-para-vender\/"]}]},{"@type":"BreadcrumbList","@id":"https:\/\/massimoforte.com\/produto\/livro-angariar-para-vender\/#breadcrumb","itemListElement":[{"@type":"ListItem","position":1,"name":"In\u00edcio","item":"https:\/\/massimoforte.com\/"},{"@type":"ListItem","position":2,"name":"Loja","item":"https:\/\/massimoforte.com\/loja\/"},{"@type":"ListItem","position":3,"name":"Angariar para Vender"}]},{"@type":"WebSite","@id":"https:\/\/massimoforte.com\/#website","url":"https:\/\/massimoforte.com\/","name":"Massimo Forte","description":"Massimo Forte \u00e9 seguido por milhares de profissionais do imobili\u00e1rio e reconhecido como uma marca apaixonada por influenciar pessoas a potenciar os seus neg\u00f3cios de Media\u00e7\u00e3o Imobili\u00e1ria.","potentialAction":[{"@type":"SearchAction","target":{"@type":"EntryPoint","urlTemplate":"https:\/\/massimoforte.com\/?s={search_term_string}"},"query-input":"required name=search_term_string"}],"inLanguage":"it-IT"}]}},"_links":{"self":[{"href":"https:\/\/massimoforte.com\/it\/wp-json\/wp\/v2\/product\/205","targetHints":{"allow":["GET"]}}],"collection":[{"href":"https:\/\/massimoforte.com\/it\/wp-json\/wp\/v2\/product"}],"about":[{"href":"https:\/\/massimoforte.com\/it\/wp-json\/wp\/v2\/types\/product"}],"replies":[{"embeddable":true,"href":"https:\/\/massimoforte.com\/it\/wp-json\/wp\/v2\/comments?post=205"}],"wp:featuredmedia":[{"embeddable":true,"href":"https:\/\/massimoforte.com\/it\/wp-json\/wp\/v2\/media\/22888"}],"wp:attachment":[{"href":"https:\/\/massimoforte.com\/it\/wp-json\/wp\/v2\/media?parent=205"}],"wp:term":[{"taxonomy":"product_cat","embeddable":true,"href":"https:\/\/massimoforte.com\/it\/wp-json\/wp\/v2\/product_cat?post=205"},{"taxonomy":"product_tag","embeddable":true,"href":"https:\/\/massimoforte.com\/it\/wp-json\/wp\/v2\/product_tag?post=205"}],"curies":[{"name":"wp","href":"https:\/\/api.w.org\/{rel}","templated":true}]}}