{"id":215,"date":"2021-10-25T14:53:52","date_gmt":"2021-10-25T14:53:52","guid":{"rendered":"http:\/\/massimo-forte.test\/?post_type=product&#038;p=215"},"modified":"2025-12-09T13:08:39","modified_gmt":"2025-12-09T13:08:39","slug":"livro-comunicar-para-vender","status":"publish","type":"product","link":"https:\/\/massimoforte.com\/it\/produto\/livro-comunicar-para-vender\/","title":{"rendered":"Comunicar para Vender 5\u00aa EDI\u00c7\u00c3O"},"content":{"rendered":"<p>Depois de ANGARIAR PARA VENDER, considerado o maior best-seller de Media\u00e7\u00e3o Imobili\u00e1ria em Portugal, e de O PODER DA PROSPE\u00c7\u00c3O, Massimo Forte reedita COMUNICAR PARA VENDER, um livro com tudo sobre comunica\u00e7\u00e3o para media\u00e7\u00e3o imobili\u00e1ria.<\/p>\n<p>A nova edi\u00e7\u00e3o traz novos conte\u00fados para aperfei\u00e7oar a forma e a t\u00e9cnica de como comunicar, com o objetivo de mostrar como o autoconhecimento, a empatia e o marketing de atra\u00e7\u00e3o podem ajudar a transformar contactos em resultados.<\/p>\n<p>Ao longo de quatro partes, divididas por 16 cap\u00edtulos, aprende-se tudo sobre a import\u00e2ncia de se conhecer, de conhecer o neg\u00f3cio e de conhecer o outro antes de saber como COMUNICAR PARA VENDER.<\/p>\n<p>Massimo Forte aplica a sua aprendizagem de Programa\u00e7\u00e3o Neurolingu\u00edstica adaptando-a a todos os passos e t\u00e9cnicas que podem ajudar a melhorar a comunica\u00e7\u00e3o na atividade de Media\u00e7\u00e3o Imobili\u00e1ria transmitindo todo o conhecimento acumulado ao longo de anos no terreno e da sua experi\u00eancia como mentor e formador reconhecido na \u00e1rea para falar sobre comunica\u00e7\u00e3o durante o processo de venda, de prospe\u00e7\u00e3o, de negocia\u00e7\u00e3o, de decis\u00e3o de compra e por fim, de recrutamento.<\/p>\n<p>Um livro a n\u00e3o perder para quem quer saber tudo sobre comunica\u00e7\u00e3o na media\u00e7\u00e3o imobili\u00e1ria, um neg\u00f3cio que Massimo Forte considera ser \u201cde pessoas para pessoas\u201d.<\/p>\n<p>J\u00e1 reconhecido por variados profissionais do imobili\u00e1rio como uma ferramenta fundamental, COMUNICAR PARA VENDER est\u00e1 escrito de uma forma clara e f\u00e1cil de assimilar. S\u00e3o m\u00faltiplos os exemplos, as dicas e os novos testemunhos que d\u00e3o vida a este livro que qualquer Agente ou profissional Imobili\u00e1rio deve ler.<\/p>\n<p><em>&#8220;Toda e qualquer atividade comercial \u00e9 essencialmente uma constru\u00e7\u00e3o de pontes entre pessoas. <\/em><em>Mesmo quando realizamos intera\u00e7\u00f5es comerciais de forma digital, por tr\u00e1s do equipamento que <\/em><em>utilizarmos, estar\u00e1 uma pessoa. O mercado deve muito ao Massimo Forte, ao seu profissionalismo, <\/em><em>forma de ser e estar.<\/em>\u201d<br \/>\n<strong>Jo\u00e3o Catal\u00e3o, Coach &amp; Mentor de Executivos (C-level). Managing Partne YouUp. Keynote Speaker<\/strong><\/p>\n<p><em>&#8220;Estamos formatados para acreditarmos mais naquilo que vimos do que naquilo que ouvimos, por isso, se o discurso n\u00e3o for congruente com o ambiente f\u00edsico, este pode condicionar fortemente o nosso processo de decis\u00e3o. Estou certo de que a leitura deste livro ser\u00e1 uma mais-valia nos processos de comunica\u00e7\u00e3o.&#8221;<\/em><br \/>\n<strong>Rui Mergulh\u00e3o Mendes, Analista Comportamental &amp; Avalia\u00e7\u00e3o Credibilidade Informa\u00e7\u00e3o. Founder EBA<\/strong><\/p>\n<p><em>&#8220;Neste livro, o Massimo Forte conseguiu agrupar de uma forma clara e personalizada \u00e0 media\u00e7\u00e3o imobili\u00e1ria a ess\u00eancia do autoconhecimento visto pelo prisma da PNL, e assim criou mais uma alavanca para elevar a profiss\u00e3o de agente imobili\u00e1rio para o n\u00edvel que merece.\u201d<\/em><br \/>\n<strong>Jo\u00e3o Paleta, Team Leader KW \u00c1baco<\/strong><\/p>\n<p><em>&#8220;Est\u00e1 bem expresso neste livro que a comunica\u00e7\u00e3o n\u00e3o pode ser s\u00f3 utilizada para chamar a aten\u00e7\u00e3o e captar prospects com base numa promessa. \u00c9 chave na manuten\u00e7\u00e3o do contacto com os clientes no futuro.&#8221;<\/em><br \/>\n<strong>Pedro Pereira, Diretor de Marketing da UCI Portugal<\/strong><\/p>\n","protected":false},"excerpt":{"rendered":"<p><b>Saiba como elevar o imobili\u00e1rio para o n\u00edvel que merece. <\/b><b>Tudo sobre a import\u00e2ncia do autoconhecimento na comunica\u00e7\u00e3o <\/b><b>e constru\u00e7\u00e3o de rela\u00e7\u00f5es para Profissionais de Media\u00e7\u00e3o Imobili\u00e1ria.<\/b><\/p>\n","protected":false},"featured_media":22894,"comment_status":"open","ping_status":"closed","template":"","meta":[],"product_cat":[23],"product_tag":[],"class_list":{"0":"post-215","1":"product","2":"type-product","3":"status-publish","4":"has-post-thumbnail","6":"product_cat-livros","7":"product_shipping_class-sem-portes","9":"first","10":"outofstock","11":"taxable","12":"shipping-taxable","13":"purchasable","14":"product-type-simple"},"yoast_head":"<!-- This site is optimized with the Yoast SEO plugin v19.9 - https:\/\/yoast.com\/wordpress\/plugins\/seo\/ -->\n<title>Comunicar para Vender 5\u00aa EDI\u00c7\u00c3O - Massimo Forte<\/title>\n<meta name=\"description\" content=\"Com base nos ensinamentos da Programa\u00e7\u00e3o Neurolingu\u00edstica,Massimo Forte adota todos os passos destat\u00e9cnica para o ajudar a melhorar a sua comunica\u00e7\u00e3ona atividade de Media\u00e7\u00e3o Imobili\u00e1ria, transmite todo oconhecimento acumulado de anos no terreno e a suaexperi\u00eancia como formador reconhecido na \u00e1rea parafalar sobre comunica\u00e7\u00e3o durante o processo de venda,prospe\u00e7\u00e3o, negocia\u00e7\u00e3o, decis\u00e3o de compra e por fim,recrutamento.Um livro a n\u00e3o perder para quem quer saber tudosobre comunica\u00e7\u00e3o na media\u00e7\u00e3o imobili\u00e1ria, um neg\u00f3cioque considera ser \u201cde pessoas para pessoas\u201d.\" \/>\n<meta name=\"robots\" content=\"index, follow, max-snippet:-1, max-image-preview:large, max-video-preview:-1\" \/>\n<link rel=\"canonical\" href=\"https:\/\/massimoforte.com\/produto\/livro-comunicar-para-vender\/\" \/>\n<meta property=\"og:locale\" content=\"it_IT\" \/>\n<meta property=\"og:type\" content=\"article\" \/>\n<meta property=\"og:title\" content=\"Comunicar para Vender 5\u00aa EDI\u00c7\u00c3O - Massimo Forte\" \/>\n<meta property=\"og:description\" content=\"Com base nos ensinamentos da Programa\u00e7\u00e3o Neurolingu\u00edstica,Massimo Forte adota todos os passos destat\u00e9cnica para o ajudar a melhorar a sua comunica\u00e7\u00e3ona atividade de Media\u00e7\u00e3o Imobili\u00e1ria, transmite todo oconhecimento acumulado de anos no terreno e a suaexperi\u00eancia como formador reconhecido na \u00e1rea parafalar sobre comunica\u00e7\u00e3o durante o processo de venda,prospe\u00e7\u00e3o, negocia\u00e7\u00e3o, decis\u00e3o de compra e por fim,recrutamento.Um livro a n\u00e3o perder para quem quer saber tudosobre comunica\u00e7\u00e3o na media\u00e7\u00e3o imobili\u00e1ria, um neg\u00f3cioque considera ser \u201cde pessoas para pessoas\u201d.\" \/>\n<meta property=\"og:url\" content=\"https:\/\/massimoforte.com\/produto\/livro-comunicar-para-vender\/\" \/>\n<meta property=\"og:site_name\" content=\"Massimo Forte\" \/>\n<meta property=\"article:publisher\" content=\"https:\/\/www.facebook.com\/massimo.forte.94\/\" \/>\n<meta property=\"article:modified_time\" content=\"2025-12-09T13:08:39+00:00\" \/>\n<meta property=\"og:image\" content=\"https:\/\/massimoforte.com\/wp-content\/uploads\/2021\/10\/comunicar_para_vender-scaled.webp\" \/>\n\t<meta property=\"og:image:width\" content=\"2440\" \/>\n\t<meta property=\"og:image:height\" content=\"2560\" \/>\n\t<meta property=\"og:image:type\" content=\"image\/webp\" \/>\n<meta name=\"twitter:card\" content=\"summary_large_image\" \/>\n<meta name=\"twitter:site\" content=\"@massimoforte7\" \/>\n<meta name=\"twitter:label1\" content=\"Tempo di lettura stimato\" \/>\n\t<meta name=\"twitter:data1\" content=\"3 minuti\" \/>\n<script type=\"application\/ld+json\" class=\"yoast-schema-graph\">{\"@context\":\"https:\/\/schema.org\",\"@graph\":[{\"@type\":\"WebPage\",\"@id\":\"https:\/\/massimoforte.com\/produto\/livro-comunicar-para-vender\/\",\"url\":\"https:\/\/massimoforte.com\/produto\/livro-comunicar-para-vender\/\",\"name\":\"Comunicar para Vender 5\u00aa EDI\u00c7\u00c3O - Massimo Forte\",\"isPartOf\":{\"@id\":\"https:\/\/massimoforte.com\/#website\"},\"datePublished\":\"2021-10-25T14:53:52+00:00\",\"dateModified\":\"2025-12-09T13:08:39+00:00\",\"description\":\"Com base nos ensinamentos da Programa\u00e7\u00e3o Neurolingu\u00edstica,Massimo Forte adota todos os passos destat\u00e9cnica para o ajudar a melhorar a sua comunica\u00e7\u00e3ona atividade de Media\u00e7\u00e3o Imobili\u00e1ria, transmite todo oconhecimento acumulado de anos no terreno e a suaexperi\u00eancia como formador reconhecido na \u00e1rea parafalar sobre comunica\u00e7\u00e3o durante o processo de venda,prospe\u00e7\u00e3o, negocia\u00e7\u00e3o, decis\u00e3o de compra e por fim,recrutamento.Um livro a n\u00e3o perder para quem quer saber tudosobre comunica\u00e7\u00e3o na media\u00e7\u00e3o imobili\u00e1ria, um neg\u00f3cioque considera ser \u201cde pessoas para pessoas\u201d.\",\"breadcrumb\":{\"@id\":\"https:\/\/massimoforte.com\/produto\/livro-comunicar-para-vender\/#breadcrumb\"},\"inLanguage\":\"it-IT\",\"potentialAction\":[{\"@type\":\"ReadAction\",\"target\":[\"https:\/\/massimoforte.com\/produto\/livro-comunicar-para-vender\/\"]}]},{\"@type\":\"BreadcrumbList\",\"@id\":\"https:\/\/massimoforte.com\/produto\/livro-comunicar-para-vender\/#breadcrumb\",\"itemListElement\":[{\"@type\":\"ListItem\",\"position\":1,\"name\":\"In\u00edcio\",\"item\":\"https:\/\/massimoforte.com\/\"},{\"@type\":\"ListItem\",\"position\":2,\"name\":\"Loja\",\"item\":\"https:\/\/massimoforte.com\/loja\/\"},{\"@type\":\"ListItem\",\"position\":3,\"name\":\"Comunicar para Vender 5\u00aa EDI\u00c7\u00c3O\"}]},{\"@type\":\"WebSite\",\"@id\":\"https:\/\/massimoforte.com\/#website\",\"url\":\"https:\/\/massimoforte.com\/\",\"name\":\"Massimo Forte\",\"description\":\"Massimo Forte \u00e9 seguido por milhares de profissionais do imobili\u00e1rio e reconhecido como uma marca apaixonada por influenciar pessoas a potenciar os seus neg\u00f3cios de Media\u00e7\u00e3o Imobili\u00e1ria.\",\"potentialAction\":[{\"@type\":\"SearchAction\",\"target\":{\"@type\":\"EntryPoint\",\"urlTemplate\":\"https:\/\/massimoforte.com\/?s={search_term_string}\"},\"query-input\":\"required name=search_term_string\"}],\"inLanguage\":\"it-IT\"}]}<\/script>\n<!-- \/ Yoast SEO plugin. -->","yoast_head_json":{"title":"Comunicar para Vender 5\u00aa EDI\u00c7\u00c3O - Massimo Forte","description":"Com base nos ensinamentos da Programa\u00e7\u00e3o Neurolingu\u00edstica,Massimo Forte adota todos os passos destat\u00e9cnica para o ajudar a melhorar a sua comunica\u00e7\u00e3ona atividade de Media\u00e7\u00e3o Imobili\u00e1ria, transmite todo oconhecimento acumulado de anos no terreno e a suaexperi\u00eancia como formador reconhecido na \u00e1rea parafalar sobre comunica\u00e7\u00e3o durante o processo de venda,prospe\u00e7\u00e3o, negocia\u00e7\u00e3o, decis\u00e3o de compra e por fim,recrutamento.Um livro a n\u00e3o perder para quem quer saber tudosobre comunica\u00e7\u00e3o na media\u00e7\u00e3o imobili\u00e1ria, um neg\u00f3cioque considera ser \u201cde pessoas para pessoas\u201d.","robots":{"index":"index","follow":"follow","max-snippet":"max-snippet:-1","max-image-preview":"max-image-preview:large","max-video-preview":"max-video-preview:-1"},"canonical":"https:\/\/massimoforte.com\/produto\/livro-comunicar-para-vender\/","og_locale":"it_IT","og_type":"article","og_title":"Comunicar para Vender 5\u00aa EDI\u00c7\u00c3O - Massimo Forte","og_description":"Com base nos ensinamentos da Programa\u00e7\u00e3o Neurolingu\u00edstica,Massimo Forte adota todos os passos destat\u00e9cnica para o ajudar a melhorar a sua comunica\u00e7\u00e3ona atividade de Media\u00e7\u00e3o Imobili\u00e1ria, transmite todo oconhecimento acumulado de anos no terreno e a suaexperi\u00eancia como formador reconhecido na \u00e1rea parafalar sobre comunica\u00e7\u00e3o durante o processo de venda,prospe\u00e7\u00e3o, negocia\u00e7\u00e3o, decis\u00e3o de compra e por fim,recrutamento.Um livro a n\u00e3o perder para quem quer saber tudosobre comunica\u00e7\u00e3o na media\u00e7\u00e3o imobili\u00e1ria, um neg\u00f3cioque considera ser \u201cde pessoas para pessoas\u201d.","og_url":"https:\/\/massimoforte.com\/produto\/livro-comunicar-para-vender\/","og_site_name":"Massimo Forte","article_publisher":"https:\/\/www.facebook.com\/massimo.forte.94\/","article_modified_time":"2025-12-09T13:08:39+00:00","og_image":[{"width":2440,"height":2560,"url":"https:\/\/massimoforte.com\/wp-content\/uploads\/2021\/10\/comunicar_para_vender-scaled.webp","type":"image\/webp"}],"twitter_card":"summary_large_image","twitter_site":"@massimoforte7","twitter_misc":{"Tempo di lettura stimato":"3 minuti"},"schema":{"@context":"https:\/\/schema.org","@graph":[{"@type":"WebPage","@id":"https:\/\/massimoforte.com\/produto\/livro-comunicar-para-vender\/","url":"https:\/\/massimoforte.com\/produto\/livro-comunicar-para-vender\/","name":"Comunicar para Vender 5\u00aa EDI\u00c7\u00c3O - Massimo Forte","isPartOf":{"@id":"https:\/\/massimoforte.com\/#website"},"datePublished":"2021-10-25T14:53:52+00:00","dateModified":"2025-12-09T13:08:39+00:00","description":"Com base nos ensinamentos da Programa\u00e7\u00e3o Neurolingu\u00edstica,Massimo Forte adota todos os passos destat\u00e9cnica para o ajudar a melhorar a sua comunica\u00e7\u00e3ona atividade de Media\u00e7\u00e3o Imobili\u00e1ria, transmite todo oconhecimento acumulado de anos no terreno e a suaexperi\u00eancia como formador reconhecido na \u00e1rea parafalar sobre comunica\u00e7\u00e3o durante o processo de venda,prospe\u00e7\u00e3o, negocia\u00e7\u00e3o, decis\u00e3o de compra e por fim,recrutamento.Um livro a n\u00e3o perder para quem quer saber tudosobre comunica\u00e7\u00e3o na media\u00e7\u00e3o imobili\u00e1ria, um neg\u00f3cioque considera ser \u201cde pessoas para pessoas\u201d.","breadcrumb":{"@id":"https:\/\/massimoforte.com\/produto\/livro-comunicar-para-vender\/#breadcrumb"},"inLanguage":"it-IT","potentialAction":[{"@type":"ReadAction","target":["https:\/\/massimoforte.com\/produto\/livro-comunicar-para-vender\/"]}]},{"@type":"BreadcrumbList","@id":"https:\/\/massimoforte.com\/produto\/livro-comunicar-para-vender\/#breadcrumb","itemListElement":[{"@type":"ListItem","position":1,"name":"In\u00edcio","item":"https:\/\/massimoforte.com\/"},{"@type":"ListItem","position":2,"name":"Loja","item":"https:\/\/massimoforte.com\/loja\/"},{"@type":"ListItem","position":3,"name":"Comunicar para Vender 5\u00aa EDI\u00c7\u00c3O"}]},{"@type":"WebSite","@id":"https:\/\/massimoforte.com\/#website","url":"https:\/\/massimoforte.com\/","name":"Massimo Forte","description":"Massimo Forte \u00e9 seguido por milhares de profissionais do imobili\u00e1rio e reconhecido como uma marca apaixonada por influenciar pessoas a potenciar os seus neg\u00f3cios de Media\u00e7\u00e3o Imobili\u00e1ria.","potentialAction":[{"@type":"SearchAction","target":{"@type":"EntryPoint","urlTemplate":"https:\/\/massimoforte.com\/?s={search_term_string}"},"query-input":"required name=search_term_string"}],"inLanguage":"it-IT"}]}},"_links":{"self":[{"href":"https:\/\/massimoforte.com\/it\/wp-json\/wp\/v2\/product\/215","targetHints":{"allow":["GET"]}}],"collection":[{"href":"https:\/\/massimoforte.com\/it\/wp-json\/wp\/v2\/product"}],"about":[{"href":"https:\/\/massimoforte.com\/it\/wp-json\/wp\/v2\/types\/product"}],"replies":[{"embeddable":true,"href":"https:\/\/massimoforte.com\/it\/wp-json\/wp\/v2\/comments?post=215"}],"wp:featuredmedia":[{"embeddable":true,"href":"https:\/\/massimoforte.com\/it\/wp-json\/wp\/v2\/media\/22894"}],"wp:attachment":[{"href":"https:\/\/massimoforte.com\/it\/wp-json\/wp\/v2\/media?parent=215"}],"wp:term":[{"taxonomy":"product_cat","embeddable":true,"href":"https:\/\/massimoforte.com\/it\/wp-json\/wp\/v2\/product_cat?post=215"},{"taxonomy":"product_tag","embeddable":true,"href":"https:\/\/massimoforte.com\/it\/wp-json\/wp\/v2\/product_tag?post=215"}],"curies":[{"name":"wp","href":"https:\/\/api.w.org\/{rel}","templated":true}]}}