{"id":645,"date":"2020-10-18T07:45:08","date_gmt":"2020-10-18T07:45:08","guid":{"rendered":"https:\/\/massimoforte.psales.pt\/?post_type=product&#038;p=645"},"modified":"2025-12-04T10:12:10","modified_gmt":"2025-12-04T10:12:10","slug":"top-angariador","status":"publish","type":"product","link":"https:\/\/massimoforte.com\/it\/produto\/top-angariador\/","title":{"rendered":"Pack Top Angariador"},"content":{"rendered":"<h2><strong>A QUEM SE DESTINA<\/strong><\/h2>\n<ul class=\"cross\">\n<li><span class=\"fontstyle0\">Mediadores, consultores, agentes, comerciais e outros profissionais do setor imobili\u00e1rio<\/span><\/li>\n<li><span class=\"fontstyle0\">A todas as pessoas que pretendem iniciar a sua atividade no sector imobili\u00e1rio<\/span><\/li>\n<\/ul>\n<h2><\/h2>\n<h2><strong>Curso 1 -Angariar para Vender<\/strong><\/h2>\n<p>Com este curso vai compreender que uma angaria\u00e7\u00e3o de qualidade assenta num processo bem definido e estruturado, com etapas claras, sequenciais e articuladas entre si. Em 70 minutos, ao longo dos diferentes m\u00f3dulos e com recurso a exemplos pr\u00e1ticos, vou detalhar cada etapa com o objetivo de refor\u00e7ar o seu conhecimento sobre como angariar bem para fazer crescer o seu neg\u00f3cio. Quero que se sinta mais confiante e motivado para desenvolver a sua rela\u00e7\u00e3o com o cliente!<\/p>\n<p><a href=\"https:\/\/massimoforte.psales.pt\/produto\/angariar-para-vender\/\">Veja o curso Angariar para Vender<\/a><\/p>\n<h2><strong>Curso 2 &#8211; Treinar para Angariar<\/strong><\/h2>\n<p>Com este curso vai ser guiado num processo de treino de t\u00e9cnicas de comunica\u00e7\u00e3o com gui\u00f5es especializados para cada etapa do processo de Angaria\u00e7\u00e3o.<\/p>\n<p>Vai conseguir adaptar cada gui\u00e3o, de forma natural, \u00e0 sua forma e estilo pessoal de comunica\u00e7\u00e3o para estar mais seguro e preparado para liderar o di\u00e1logo a ter com cada tipo de cliente, em qualquer situa\u00e7\u00e3o, em qualquer fase do processo de Angaria\u00e7\u00e3o<\/p>\n<p>Garanta a confian\u00e7a do seu potencial cliente e reforce as suas rela\u00e7\u00f5es aprendendo a treinar a sua assertividade e compromisso.<\/p>\n<p>Aprenda em poucos minutos e de forma simples a Treinar para Angariar, decida como vai potenciar as suas vendas!<\/p>\n<p><a href=\"https:\/\/massimoforte.psales.pt\/produto\/treinar-para-angariar\/\">Veja o curso Treinar para Angariar<\/a><\/p>\n<p>&nbsp;<\/p>\n","protected":false},"excerpt":{"rendered":"<p><b>2 cursos ANGARIAR PARA VENDER + TREINAR ANGARIAR PARA VENDER. Tudo sobre <\/b><b>sobre<\/b><b> o processo e treino de angaria\u00e7\u00e3o na REAL, a plataforma de forma\u00e7\u00e3o para o imobili\u00e1rio, a qualquer hora, em qualquer lugar, em qualquer dispositivo.<\/b><\/p>\n","protected":false},"featured_media":19961,"comment_status":"open","ping_status":"closed","template":"","meta":[],"product_cat":[20,26],"product_tag":[118],"class_list":{"0":"post-645","1":"product","2":"type-product","3":"status-publish","4":"has-post-thumbnail","6":"product_cat-cursos-online-real","7":"product_cat-promo-packs","8":"product_tag-pack","10":"first","11":"instock","12":"virtual","13":"taxable","14":"purchasable","15":"product-type-simple"},"yoast_head":"<!-- This site is optimized with the Yoast SEO plugin v19.9 - https:\/\/yoast.com\/wordpress\/plugins\/seo\/ -->\n<title>Pack Top Angariador - Massimo Forte<\/title>\n<meta name=\"robots\" content=\"index, follow, max-snippet:-1, max-image-preview:large, max-video-preview:-1\" \/>\n<link rel=\"canonical\" href=\"https:\/\/massimoforte.com\/produto\/top-angariador\/\" \/>\n<meta property=\"og:locale\" content=\"it_IT\" \/>\n<meta property=\"og:type\" content=\"article\" \/>\n<meta property=\"og:title\" content=\"Pack Top Angariador - Massimo Forte\" \/>\n<meta property=\"og:description\" content=\"2 cursos ANGARIAR PARA VENDER + TREINAR ANGARIAR PARA VENDER. Tudo sobre sobre o processo e treino de angaria\u00e7\u00e3o na REAL, a plataforma de forma\u00e7\u00e3o para o imobili\u00e1rio, a qualquer hora, em qualquer lugar, em qualquer dispositivo.\" \/>\n<meta property=\"og:url\" content=\"https:\/\/massimoforte.com\/produto\/top-angariador\/\" \/>\n<meta property=\"og:site_name\" content=\"Massimo Forte\" \/>\n<meta property=\"article:publisher\" content=\"https:\/\/www.facebook.com\/massimo.forte.94\/\" \/>\n<meta property=\"article:modified_time\" content=\"2025-12-04T10:12:10+00:00\" \/>\n<meta property=\"og:image\" content=\"https:\/\/massimoforte.com\/wp-content\/uploads\/2021\/11\/Angariador_V02.png\" \/>\n\t<meta property=\"og:image:width\" content=\"300\" \/>\n\t<meta property=\"og:image:height\" content=\"300\" \/>\n\t<meta property=\"og:image:type\" content=\"image\/png\" \/>\n<meta name=\"twitter:card\" content=\"summary_large_image\" \/>\n<meta name=\"twitter:site\" content=\"@massimoforte7\" \/>\n<meta name=\"twitter:label1\" content=\"Tempo di lettura stimato\" \/>\n\t<meta name=\"twitter:data1\" content=\"2 minuti\" \/>\n<script type=\"application\/ld+json\" class=\"yoast-schema-graph\">{\"@context\":\"https:\/\/schema.org\",\"@graph\":[{\"@type\":\"WebPage\",\"@id\":\"https:\/\/massimoforte.com\/produto\/top-angariador\/\",\"url\":\"https:\/\/massimoforte.com\/produto\/top-angariador\/\",\"name\":\"Pack Top Angariador - Massimo Forte\",\"isPartOf\":{\"@id\":\"https:\/\/massimoforte.com\/#website\"},\"datePublished\":\"2020-10-18T07:45:08+00:00\",\"dateModified\":\"2025-12-04T10:12:10+00:00\",\"breadcrumb\":{\"@id\":\"https:\/\/massimoforte.com\/produto\/top-angariador\/#breadcrumb\"},\"inLanguage\":\"it-IT\",\"potentialAction\":[{\"@type\":\"ReadAction\",\"target\":[\"https:\/\/massimoforte.com\/produto\/top-angariador\/\"]}]},{\"@type\":\"BreadcrumbList\",\"@id\":\"https:\/\/massimoforte.com\/produto\/top-angariador\/#breadcrumb\",\"itemListElement\":[{\"@type\":\"ListItem\",\"position\":1,\"name\":\"In\u00edcio\",\"item\":\"https:\/\/massimoforte.com\/\"},{\"@type\":\"ListItem\",\"position\":2,\"name\":\"Loja\",\"item\":\"https:\/\/massimoforte.com\/loja\/\"},{\"@type\":\"ListItem\",\"position\":3,\"name\":\"Pack Top Angariador\"}]},{\"@type\":\"WebSite\",\"@id\":\"https:\/\/massimoforte.com\/#website\",\"url\":\"https:\/\/massimoforte.com\/\",\"name\":\"Massimo Forte\",\"description\":\"Massimo Forte \u00e9 seguido por milhares de profissionais do imobili\u00e1rio e reconhecido como uma marca apaixonada por influenciar pessoas a potenciar os seus neg\u00f3cios de Media\u00e7\u00e3o Imobili\u00e1ria.\",\"potentialAction\":[{\"@type\":\"SearchAction\",\"target\":{\"@type\":\"EntryPoint\",\"urlTemplate\":\"https:\/\/massimoforte.com\/?s={search_term_string}\"},\"query-input\":\"required name=search_term_string\"}],\"inLanguage\":\"it-IT\"}]}<\/script>\n<!-- \/ Yoast SEO plugin. -->","yoast_head_json":{"title":"Pack Top Angariador - Massimo Forte","robots":{"index":"index","follow":"follow","max-snippet":"max-snippet:-1","max-image-preview":"max-image-preview:large","max-video-preview":"max-video-preview:-1"},"canonical":"https:\/\/massimoforte.com\/produto\/top-angariador\/","og_locale":"it_IT","og_type":"article","og_title":"Pack Top Angariador - Massimo Forte","og_description":"2 cursos ANGARIAR PARA VENDER + TREINAR ANGARIAR PARA VENDER. Tudo sobre sobre o processo e treino de angaria\u00e7\u00e3o na REAL, a plataforma de forma\u00e7\u00e3o para o imobili\u00e1rio, a qualquer hora, em qualquer lugar, em qualquer dispositivo.","og_url":"https:\/\/massimoforte.com\/produto\/top-angariador\/","og_site_name":"Massimo Forte","article_publisher":"https:\/\/www.facebook.com\/massimo.forte.94\/","article_modified_time":"2025-12-04T10:12:10+00:00","og_image":[{"width":300,"height":300,"url":"https:\/\/massimoforte.com\/wp-content\/uploads\/2021\/11\/Angariador_V02.png","type":"image\/png"}],"twitter_card":"summary_large_image","twitter_site":"@massimoforte7","twitter_misc":{"Tempo di lettura stimato":"2 minuti"},"schema":{"@context":"https:\/\/schema.org","@graph":[{"@type":"WebPage","@id":"https:\/\/massimoforte.com\/produto\/top-angariador\/","url":"https:\/\/massimoforte.com\/produto\/top-angariador\/","name":"Pack Top Angariador - Massimo Forte","isPartOf":{"@id":"https:\/\/massimoforte.com\/#website"},"datePublished":"2020-10-18T07:45:08+00:00","dateModified":"2025-12-04T10:12:10+00:00","breadcrumb":{"@id":"https:\/\/massimoforte.com\/produto\/top-angariador\/#breadcrumb"},"inLanguage":"it-IT","potentialAction":[{"@type":"ReadAction","target":["https:\/\/massimoforte.com\/produto\/top-angariador\/"]}]},{"@type":"BreadcrumbList","@id":"https:\/\/massimoforte.com\/produto\/top-angariador\/#breadcrumb","itemListElement":[{"@type":"ListItem","position":1,"name":"In\u00edcio","item":"https:\/\/massimoforte.com\/"},{"@type":"ListItem","position":2,"name":"Loja","item":"https:\/\/massimoforte.com\/loja\/"},{"@type":"ListItem","position":3,"name":"Pack Top Angariador"}]},{"@type":"WebSite","@id":"https:\/\/massimoforte.com\/#website","url":"https:\/\/massimoforte.com\/","name":"Massimo Forte","description":"Massimo Forte \u00e9 seguido por milhares de profissionais do imobili\u00e1rio e reconhecido como uma marca apaixonada por influenciar pessoas a potenciar os seus neg\u00f3cios de Media\u00e7\u00e3o Imobili\u00e1ria.","potentialAction":[{"@type":"SearchAction","target":{"@type":"EntryPoint","urlTemplate":"https:\/\/massimoforte.com\/?s={search_term_string}"},"query-input":"required name=search_term_string"}],"inLanguage":"it-IT"}]}},"_links":{"self":[{"href":"https:\/\/massimoforte.com\/it\/wp-json\/wp\/v2\/product\/645","targetHints":{"allow":["GET"]}}],"collection":[{"href":"https:\/\/massimoforte.com\/it\/wp-json\/wp\/v2\/product"}],"about":[{"href":"https:\/\/massimoforte.com\/it\/wp-json\/wp\/v2\/types\/product"}],"replies":[{"embeddable":true,"href":"https:\/\/massimoforte.com\/it\/wp-json\/wp\/v2\/comments?post=645"}],"wp:featuredmedia":[{"embeddable":true,"href":"https:\/\/massimoforte.com\/it\/wp-json\/wp\/v2\/media\/19961"}],"wp:attachment":[{"href":"https:\/\/massimoforte.com\/it\/wp-json\/wp\/v2\/media?parent=645"}],"wp:term":[{"taxonomy":"product_cat","embeddable":true,"href":"https:\/\/massimoforte.com\/it\/wp-json\/wp\/v2\/product_cat?post=645"},{"taxonomy":"product_tag","embeddable":true,"href":"https:\/\/massimoforte.com\/it\/wp-json\/wp\/v2\/product_tag?post=645"}],"curies":[{"name":"wp","href":"https:\/\/api.w.org\/{rel}","templated":true}]}}